{"id":2651,"date":"2023-07-25T06:12:20","date_gmt":"2023-07-25T03:12:20","guid":{"rendered":"https:\/\/hotelsinusa.eu\/unsere-kontakte\/"},"modified":"2023-09-29T11:26:12","modified_gmt":"2023-09-29T08:26:12","slug":"unsere-kontakte","status":"publish","type":"page","link":"https:\/\/www.hotelsincanada.eu\/de\/unsere-kontakte\/","title":{"rendered":"Unsere Kontakte"},"content":{"rendered":"\n<h2 class=\"wp-block-heading\">Wie k\u00f6nnen wir helfen?<\/h2>\n\n<p>Nach einem Tag voller Sightseeing oder Gesch\u00e4ftstreffen k\u00f6nnen sich die G\u00e4ste in den 95 gut gestalteten, modernen G\u00e4stezimmern und Suiten des Hotels in h\u00f6chstem Ma\u00dfe entspannen. Jedes Zimmer in dieser Unterkunft in Riga bietet nicht nur weiche Betten, sondern auch Annehmlichkeiten wie einen kostenlosen drahtlosen High-Speed-Internetzugang, eine Minibar und einen Fernseher mit Pay-per-View-Filmen. Die G\u00e4ste k\u00f6nnen zwischen Raucher- und Nichtraucherzimmern w\u00e4hlen. F\u00fcr behinderte G\u00e4ste steht ein speziell ausgestattetes Zimmer zur Verf\u00fcgung, und f\u00fcr allergenempfindliche Reisende wird eine begrenzte Anzahl von Zimmern mit Parkettboden angeboten.<\/p>\n\n<p>Genie\u00dfe die Restaurants vor Ort und das Fitnesscenter, das mit modernsten Trainingsger\u00e4ten, einer Sauna und einem t\u00fcrkischen Dampfbad ausgestattet ist. Services wie Express-Check-Out und Express-W\u00e4sche vereinfachen das Reisen f\u00fcr viel besch\u00e4ftigte G\u00e4ste. F\u00fcr ein k\u00f6stliches Essen, das in der ikonischen Glaspyramide des Hotels serviert wird, brauchen die G\u00e4ste nicht weiter zu suchen als das Restaurant Piramida. Die Speisekarte dieses Restaurants in Riga bietet baltische und internationale K\u00fcche mit frischen, lokalen Zutaten.<\/p>\n\n<h2 class=\"wp-block-heading\">Hast du irgendwelche Fragen?<\/h2>\n\r\n<div class=\"d-flex w-100 hotels-contact-form flex-column \">\r\n    <form method=\"POST\" id=\"contact-form\">\r\n        <input type=\"hidden\" name=\"action\" value=\"send_form\">\r\n                <div class=\"row\">\r\n            <div class=\"col-md-6\">\r\n                <div class=\"input-group mb-3\">\r\n                    <span class=\"input-group-text text-black\" id=\"contact-form-name\">Name: <\/span>\r\n                    <input  type=\"text\" class=\"form-control\" placeholder=\"\" aria-label=\"\" aria-describedby=\"contact-form-name\" name=\"contact-name\">\r\n                <\/div>\r\n            <\/div>\r\n            <div class=\"col-md-6\">\r\n                <div class=\"input-group mb-3\">\r\n                    <span class=\"input-group-text text-black\" id=\"contact-form-last-name\">Last Name:<\/span>\r\n                    <input type=\"text\" class=\"form-control\" placeholder=\"\" aria-label=\"\" aria-describedby=\"contact-form-last-name\" name=\"contact-lastname\">\r\n                <\/div>\r\n            <\/div>\r\n        <\/div>\r\n        <div class=\"row\">\r\n            <div class=\"col-md-6\">\r\n                <div class=\"input-group mb-3\">\r\n                    <span class=\"input-group-text text-black\" id=\"contact-form-email\">Email:<\/span>\r\n                    <input  type=\"email\" class=\"form-control\" placeholder=\"\" aria-label=\"\" aria-describedby=\"contact-form-email\" name=\"contact-email\">\r\n                <\/div>\r\n            <\/div>\r\n            <div class=\"col-md-6\">\r\n                <div class=\"input-group mb-3\">\r\n                    <span class=\"input-group-text text-black\" id=\"contact-form-phone\">Phone:<\/span>\r\n                    <input  type=\"phone\" class=\"form-control\" placeholder=\"\" aria-label=\"\" aria-describedby=\"contact-form-phone\" name=\"contact-phone\">\r\n                <\/div>\r\n            <\/div>\r\n        <\/div>\r\n        <div class=\"row\">\r\n            <div class=\"col-md-12\">\r\n                <div class=\"input-group\">\r\n                    <span class=\"input-group-text text-black\">Message:<\/span>\r\n                    <textarea  class=\"form-control\" aria-label=\"With textarea\" name=\"contact-message\" rows=5><\/textarea>\r\n                <\/div>\r\n            <\/div>\r\n        <\/div>\r\n       <div class=\"row pt-4\">\r\n            <div class=\"col-md-12\">\r\n                <div class=\"d-flex flex-row align-items-center\">\r\n                    <button class=\"btn hotels-secondary-btn\" type=\"submit\" name=\"contact-form-send\">Send<\/button>\r\n                    <div class=\"form-check ms-5\">\r\n                        <input class=\"form-check-input\" type=\"checkbox\" value=\"accept\" id=\"contact-form-accept-terms\" name=\"contact-accept-terms\">\r\n                        <label class=\"form-check-label\" for=\"contact-form-accept-terms\">\r\n                            I consent Hotels in Canada to collecting my details through this form.                        <\/label>\r\n                    <\/div>\r\n                <\/div>\r\n            <\/div>\r\n        <\/div>\r\n    <\/form>\r\n<\/div>\n","protected":false},"excerpt":{"rendered":"<p>Wie k\u00f6nnen wir helfen? Nach einem Tag voller Sightseeing oder Gesch\u00e4ftstreffen k\u00f6nnen sich die G\u00e4ste in den 95 gut gestalteten, modernen G\u00e4stezimmern und Suiten des Hotels in h\u00f6chstem Ma\u00dfe entspannen. Jedes Zimmer in dieser Unterkunft in Riga bietet nicht nur weiche Betten, sondern auch Annehmlichkeiten wie einen kostenlosen drahtlosen High-Speed-Internetzugang, eine Minibar und einen Fernseher [&hellip;]<\/p>\n","protected":false},"author":1,"featured_media":0,"parent":0,"menu_order":0,"comment_status":"closed","ping_status":"closed","template":"templates\/contact-us.php","meta":{"_acf_changed":false,"footnotes":""},"class_list":["post-2651","page","type-page","status-publish","hentry"],"acf":[],"yoast_head":"<!-- This site is optimized with the Yoast SEO plugin v22.0 - https:\/\/yoast.com\/wordpress\/plugins\/seo\/ -->\n<title>Unsere Kontakte - Hotels in Canada<\/title>\n<meta name=\"robots\" content=\"noindex, follow, max-snippet:-1, max-image-preview:large, max-video-preview:-1\" \/>\n<meta property=\"og:locale\" content=\"de_DE\" \/>\n<meta property=\"og:type\" content=\"article\" \/>\n<meta property=\"og:title\" content=\"Unsere Kontakte - Hotels in Canada\" \/>\n<meta property=\"og:description\" content=\"Wie k\u00f6nnen wir helfen? Nach einem Tag voller Sightseeing oder Gesch\u00e4ftstreffen k\u00f6nnen sich die G\u00e4ste in den 95 gut gestalteten, modernen G\u00e4stezimmern und Suiten des Hotels in h\u00f6chstem Ma\u00dfe entspannen. Jedes Zimmer in dieser Unterkunft in Riga bietet nicht nur weiche Betten, sondern auch Annehmlichkeiten wie einen kostenlosen drahtlosen High-Speed-Internetzugang, eine Minibar und einen Fernseher [&hellip;]\" \/>\n<meta property=\"og:url\" content=\"https:\/\/www.hotelsincanada.eu\/de\/unsere-kontakte\/\" \/>\n<meta property=\"og:site_name\" content=\"Hotels in Canada\" \/>\n<meta property=\"article:modified_time\" content=\"2023-09-29T08:26:12+00:00\" \/>\n<meta name=\"twitter:card\" content=\"summary_large_image\" \/>\n<meta name=\"twitter:label1\" content=\"Gesch\u00e4tzte Lesezeit\" \/>\n\t<meta name=\"twitter:data1\" content=\"1\u00a0Minute\" \/>\n<script type=\"application\/ld+json\" class=\"yoast-schema-graph\">{\"@context\":\"https:\/\/schema.org\",\"@graph\":[{\"@type\":\"WebPage\",\"@id\":\"https:\/\/www.hotelsincanada.eu\/de\/unsere-kontakte\/\",\"url\":\"https:\/\/www.hotelsincanada.eu\/de\/unsere-kontakte\/\",\"name\":\"Unsere Kontakte - Hotels in Canada\",\"isPartOf\":{\"@id\":\"https:\/\/www.hotelsincanada.eu\/de\/#website\"},\"datePublished\":\"2023-07-25T03:12:20+00:00\",\"dateModified\":\"2023-09-29T08:26:12+00:00\",\"breadcrumb\":{\"@id\":\"https:\/\/www.hotelsincanada.eu\/de\/unsere-kontakte\/#breadcrumb\"},\"inLanguage\":\"de\",\"potentialAction\":[{\"@type\":\"ReadAction\",\"target\":[\"https:\/\/www.hotelsincanada.eu\/de\/unsere-kontakte\/\"]}]},{\"@type\":\"BreadcrumbList\",\"@id\":\"https:\/\/www.hotelsincanada.eu\/de\/unsere-kontakte\/#breadcrumb\",\"itemListElement\":[{\"@type\":\"ListItem\",\"position\":1,\"name\":\"Home\",\"item\":\"https:\/\/www.hotelsincanada.eu\/de\/\"},{\"@type\":\"ListItem\",\"position\":2,\"name\":\"Unsere Kontakte\"}]},{\"@type\":\"WebSite\",\"@id\":\"https:\/\/www.hotelsincanada.eu\/de\/#website\",\"url\":\"https:\/\/www.hotelsincanada.eu\/de\/\",\"name\":\"Hotels in Canada\",\"description\":\"Hotels Directory\",\"publisher\":{\"@id\":\"https:\/\/www.hotelsincanada.eu\/de\/#organization\"},\"potentialAction\":[{\"@type\":\"SearchAction\",\"target\":{\"@type\":\"EntryPoint\",\"urlTemplate\":\"https:\/\/www.hotelsincanada.eu\/de\/?s={search_term_string}\"},\"query-input\":\"required name=search_term_string\"}],\"inLanguage\":\"de\"},{\"@type\":\"Organization\",\"@id\":\"https:\/\/www.hotelsincanada.eu\/de\/#organization\",\"name\":\"Hotels in Canada\",\"url\":\"https:\/\/www.hotelsincanada.eu\/de\/\",\"logo\":{\"@type\":\"ImageObject\",\"inLanguage\":\"de\",\"@id\":\"https:\/\/www.hotelsincanada.eu\/de\/#\/schema\/logo\/image\/\",\"url\":\"https:\/\/hotelsinusa.eu\/wp-content\/uploads\/2023\/12\/Hotels-in-USA.svg\",\"contentUrl\":\"https:\/\/hotelsinusa.eu\/wp-content\/uploads\/2023\/12\/Hotels-in-USA.svg\",\"width\":1,\"height\":1,\"caption\":\"Hotels in Canada\"},\"image\":{\"@id\":\"https:\/\/www.hotelsincanada.eu\/de\/#\/schema\/logo\/image\/\"}}]}<\/script>\n<!-- \/ Yoast SEO plugin. -->","yoast_head_json":{"title":"Unsere Kontakte - Hotels in Canada","robots":{"index":"noindex","follow":"follow","max-snippet":"max-snippet:-1","max-image-preview":"max-image-preview:large","max-video-preview":"max-video-preview:-1"},"og_locale":"de_DE","og_type":"article","og_title":"Unsere Kontakte - Hotels in Canada","og_description":"Wie k\u00f6nnen wir helfen? Nach einem Tag voller Sightseeing oder Gesch\u00e4ftstreffen k\u00f6nnen sich die G\u00e4ste in den 95 gut gestalteten, modernen G\u00e4stezimmern und Suiten des Hotels in h\u00f6chstem Ma\u00dfe entspannen. Jedes Zimmer in dieser Unterkunft in Riga bietet nicht nur weiche Betten, sondern auch Annehmlichkeiten wie einen kostenlosen drahtlosen High-Speed-Internetzugang, eine Minibar und einen Fernseher [&hellip;]","og_url":"https:\/\/www.hotelsincanada.eu\/de\/unsere-kontakte\/","og_site_name":"Hotels in Canada","article_modified_time":"2023-09-29T08:26:12+00:00","twitter_card":"summary_large_image","twitter_misc":{"Gesch\u00e4tzte Lesezeit":"1\u00a0Minute"},"schema":{"@context":"https:\/\/schema.org","@graph":[{"@type":"WebPage","@id":"https:\/\/www.hotelsincanada.eu\/de\/unsere-kontakte\/","url":"https:\/\/www.hotelsincanada.eu\/de\/unsere-kontakte\/","name":"Unsere Kontakte - Hotels in Canada","isPartOf":{"@id":"https:\/\/www.hotelsincanada.eu\/de\/#website"},"datePublished":"2023-07-25T03:12:20+00:00","dateModified":"2023-09-29T08:26:12+00:00","breadcrumb":{"@id":"https:\/\/www.hotelsincanada.eu\/de\/unsere-kontakte\/#breadcrumb"},"inLanguage":"de","potentialAction":[{"@type":"ReadAction","target":["https:\/\/www.hotelsincanada.eu\/de\/unsere-kontakte\/"]}]},{"@type":"BreadcrumbList","@id":"https:\/\/www.hotelsincanada.eu\/de\/unsere-kontakte\/#breadcrumb","itemListElement":[{"@type":"ListItem","position":1,"name":"Home","item":"https:\/\/www.hotelsincanada.eu\/de\/"},{"@type":"ListItem","position":2,"name":"Unsere Kontakte"}]},{"@type":"WebSite","@id":"https:\/\/www.hotelsincanada.eu\/de\/#website","url":"https:\/\/www.hotelsincanada.eu\/de\/","name":"Hotels in Canada","description":"Hotels Directory","publisher":{"@id":"https:\/\/www.hotelsincanada.eu\/de\/#organization"},"potentialAction":[{"@type":"SearchAction","target":{"@type":"EntryPoint","urlTemplate":"https:\/\/www.hotelsincanada.eu\/de\/?s={search_term_string}"},"query-input":"required name=search_term_string"}],"inLanguage":"de"},{"@type":"Organization","@id":"https:\/\/www.hotelsincanada.eu\/de\/#organization","name":"Hotels in Canada","url":"https:\/\/www.hotelsincanada.eu\/de\/","logo":{"@type":"ImageObject","inLanguage":"de","@id":"https:\/\/www.hotelsincanada.eu\/de\/#\/schema\/logo\/image\/","url":"https:\/\/hotelsinusa.eu\/wp-content\/uploads\/2023\/12\/Hotels-in-USA.svg","contentUrl":"https:\/\/hotelsinusa.eu\/wp-content\/uploads\/2023\/12\/Hotels-in-USA.svg","width":1,"height":1,"caption":"Hotels in Canada"},"image":{"@id":"https:\/\/www.hotelsincanada.eu\/de\/#\/schema\/logo\/image\/"}}]}},"_links":{"self":[{"href":"https:\/\/www.hotelsincanada.eu\/de\/wp-json\/wp\/v2\/pages\/2651","targetHints":{"allow":["GET"]}}],"collection":[{"href":"https:\/\/www.hotelsincanada.eu\/de\/wp-json\/wp\/v2\/pages"}],"about":[{"href":"https:\/\/www.hotelsincanada.eu\/de\/wp-json\/wp\/v2\/types\/page"}],"author":[{"embeddable":true,"href":"https:\/\/www.hotelsincanada.eu\/de\/wp-json\/wp\/v2\/users\/1"}],"replies":[{"embeddable":true,"href":"https:\/\/www.hotelsincanada.eu\/de\/wp-json\/wp\/v2\/comments?post=2651"}],"version-history":[{"count":3,"href":"https:\/\/www.hotelsincanada.eu\/de\/wp-json\/wp\/v2\/pages\/2651\/revisions"}],"predecessor-version":[{"id":2676,"href":"https:\/\/www.hotelsincanada.eu\/de\/wp-json\/wp\/v2\/pages\/2651\/revisions\/2676"}],"wp:attachment":[{"href":"https:\/\/www.hotelsincanada.eu\/de\/wp-json\/wp\/v2\/media?parent=2651"}],"curies":[{"name":"wp","href":"https:\/\/api.w.org\/{rel}","templated":true}]}}