{"id":2670,"date":"2023-07-25T06:12:20","date_gmt":"2023-07-25T03:12:20","guid":{"rendered":"https:\/\/hotelsinusa.eu\/anzeige\/"},"modified":"2023-11-24T11:56:33","modified_gmt":"2023-11-24T08:56:33","slug":"anzeige","status":"publish","type":"page","link":"https:\/\/www.hotelsincanada.eu\/de\/anzeige\/","title":{"rendered":"Anzeige"},"content":{"rendered":"\n<h2 class=\"wp-block-heading\">Preise f\u00fcr Hotelangebote im Jahr 2023 (sofern Pl\u00e4tze verf\u00fcgbar sind):<\/h2>\n\n\n\n<figure class=\"wp-block-table price-table-gutenberg price-table\"><table class=\"has-fixed-layout\"><thead><tr><th>Basisplan<\/th><th>Silver Plan <small>Alles, was im Basic Plan enthalten ist<\/small><\/th><th>Gold Plan <small>Alles, was im Silver Plan enthalten ist<\/small><\/th><th>Platinum Plan <small>Alles, was im Gold Plan enthalten ist<\/small><\/th><\/tr><\/thead><tbody><tr><td>Garantierter Platz im Katalog  <\/td><td><code>Silver Partner badge<\/code> <img decoding=\"async\" src=\"https:\/\/www.hotelsincanada.eu\/wp-content\/uploads\/2023\/07\/Partner-Silver.svg\"><\/td><td><code>Gold Partner badge<\/code> <img decoding=\"async\" src=\"https:\/\/www.hotelsincanada.eu\/wp-content\/uploads\/2023\/07\/Partner-Gold.svg\"><\/td><td><code>Platinum Partner badge<\/code> <img decoding=\"async\" src=\"https:\/\/www.hotelsincanada.eu\/wp-content\/uploads\/2023\/07\/Partner-Platinium.svg\"><\/td><\/tr><tr><td>Informationen \u00fcber dein Hotel<\/td><td>H\u00f6here Position im Katalog <small>(\u00fcber Basic Plan Hotels) <\/small> <\/td><td>Beste Positionen in unserem Katalog <small>(\u00fcber den Silver Plan Hotels) <\/small> <\/td><td>Bester Platz in unserem Katalog<small> (TOP SPOT vor allen anderen Hotels) <\/small> <\/td><\/tr><tr><td>Bilder von deinem Hotel <small>(bis zu 5)<\/small><\/td><td>1 Blogbeitrag, in dem dein Hotel erw\u00e4hnt wird<\/td><td>2 zus\u00e4tzliche Blogbeitr\u00e4ge, in denen dein Hotel erw\u00e4hnt wird<\/td><td>4 zus\u00e4tzliche Blogbeitr\u00e4ge, in denen dein Hotel erw\u00e4hnt wird<\/td><\/tr><tr><td>Preisinformationen <small>(f\u00fcr Einzel- und Doppelzimmer)<\/small><\/td><td>Zus\u00e4tzliche 5 Bilder<\/td><td>Direkter Link zu deinem Hotel in Blogbeitr\u00e4gen<\/td><td>3-Monats-Bannerplatz <small>(rechte Seite) <\/small> <\/td><\/tr><tr><td>! Grenze der Hotels 40*<\/td><td>! Limit der Hotels &#8211; 9*<\/td><td>Zus\u00e4tzliche 5 Bilder<\/td><td>1 Video von deinem Hotel<\/td><\/tr><tr><td colspan=\"2\"><\/td><td>! Limit der Hotels &#8211; 6*<\/td><td>! Limit der Hotels &#8211; 1*<\/td><\/tr><tr><td><code>\u20ac 290.00 \/<\/code><sub>JAHR<\/sub> <br><a href=\"https:\/\/hotelsinusa.eu\/de\/antragsformular\/?plan=basic\">Jetzt bestellen<\/a><\/td><td><code>\u20ac 690.00 \/<\/code><sub>JAHR<\/sub> <br><a href=\"https:\/\/hotelsinusa.eu\/de\/antragsformular\/?plan=silver\">Jetzt bestellen<\/a><\/td><td><code>\u20ac 1290.00 \/<\/code><sub>JAHR  <\/sub><br><a href=\"https:\/\/hotelsinusa.eu\/de\/antragsformular\/?plan=gold\">Jetzt bestellen<\/a><\/td><td><code>\u20ac 2500.00 \/<\/code><sub>JAHR  <\/sub><br><a href=\"https:\/\/hotelsinusa.eu\/de\/antragsformular\/?plan=platinum\">Jetzt bestellen<\/a><\/td><\/tr><\/tbody><\/table><\/figure>\n\n\n\n<p class=\"has-small-font-size\">*Wir haben nur eine begrenzte Anzahl von Pl\u00e4tzen in unserem Katalog; wenn alle Pl\u00e4tze belegt sind, musst du bis zur n\u00e4chsten Abonnementperiode im n\u00e4chsten Jahr warten. Die Preise variieren von Jahr zu Jahr, je nachdem, wie viele Hotels sich um Pl\u00e4tze in unserem Katalog bewerben. Im Platin-Plan kann zum Beispiel nur ein Hotel diesen Platz bekommen, und er wird ein Jahr lang nicht ver\u00e4ndert; er wird speziell einem exklusiven Platin-Plan-Abonnenten zugewiesen.<\/p>\n","protected":false},"excerpt":{"rendered":"<p>Preise f\u00fcr Hotelangebote im Jahr 2023 (sofern Pl\u00e4tze verf\u00fcgbar sind): Basisplan Silver Plan Alles, was im Basic Plan enthalten ist Gold Plan Alles, was im Silver Plan enthalten ist Platinum Plan Alles, was im Gold Plan enthalten ist Garantierter Platz im Katalog Silver Partner badge Gold Partner badge Platinum Partner badge Informationen \u00fcber dein Hotel [&hellip;]<\/p>\n","protected":false},"author":1,"featured_media":0,"parent":0,"menu_order":0,"comment_status":"closed","ping_status":"closed","template":"templates\/prices.php","meta":{"_acf_changed":false,"footnotes":""},"class_list":["post-2670","page","type-page","status-publish","hentry"],"acf":[],"yoast_head":"<!-- This site is optimized with the Yoast SEO plugin v22.0 - https:\/\/yoast.com\/wordpress\/plugins\/seo\/ -->\n<title>Anzeige - Hotels in Canada<\/title>\n<meta name=\"description\" content=\"Hotels in Lettland Anzeigenpreise, Bannerpreise und Blogpostpreise; kontaktiere uns f\u00fcr weitere Informationen und um unsere Dienste zu bestellen.\" \/>\n<meta name=\"robots\" content=\"noindex, follow, max-snippet:-1, max-image-preview:large, max-video-preview:-1\" \/>\n<meta property=\"og:locale\" content=\"de_DE\" \/>\n<meta property=\"og:type\" content=\"article\" \/>\n<meta property=\"og:title\" content=\"Anzeige - Hotels in Canada\" \/>\n<meta property=\"og:description\" content=\"Hotels in Lettland Anzeigenpreise, Bannerpreise und Blogpostpreise; kontaktiere uns f\u00fcr weitere Informationen und um unsere Dienste zu bestellen.\" \/>\n<meta property=\"og:url\" content=\"https:\/\/www.hotelsincanada.eu\/de\/anzeige\/\" \/>\n<meta property=\"og:site_name\" content=\"Hotels in Canada\" \/>\n<meta property=\"article:modified_time\" content=\"2023-11-24T08:56:33+00:00\" \/>\n<meta name=\"twitter:card\" content=\"summary_large_image\" \/>\n<meta name=\"twitter:label1\" content=\"Gesch\u00e4tzte Lesezeit\" \/>\n\t<meta name=\"twitter:data1\" content=\"2\u00a0Minuten\" \/>\n<script type=\"application\/ld+json\" class=\"yoast-schema-graph\">{\"@context\":\"https:\/\/schema.org\",\"@graph\":[{\"@type\":\"WebPage\",\"@id\":\"https:\/\/www.hotelsincanada.eu\/de\/anzeige\/\",\"url\":\"https:\/\/www.hotelsincanada.eu\/de\/anzeige\/\",\"name\":\"Anzeige - Hotels in Canada\",\"isPartOf\":{\"@id\":\"https:\/\/www.hotelsincanada.eu\/de\/#website\"},\"datePublished\":\"2023-07-25T03:12:20+00:00\",\"dateModified\":\"2023-11-24T08:56:33+00:00\",\"description\":\"Hotels in Lettland Anzeigenpreise, Bannerpreise und Blogpostpreise; kontaktiere uns f\u00fcr weitere Informationen und um unsere Dienste zu bestellen.\",\"breadcrumb\":{\"@id\":\"https:\/\/www.hotelsincanada.eu\/de\/anzeige\/#breadcrumb\"},\"inLanguage\":\"de\",\"potentialAction\":[{\"@type\":\"ReadAction\",\"target\":[\"https:\/\/www.hotelsincanada.eu\/de\/anzeige\/\"]}]},{\"@type\":\"BreadcrumbList\",\"@id\":\"https:\/\/www.hotelsincanada.eu\/de\/anzeige\/#breadcrumb\",\"itemListElement\":[{\"@type\":\"ListItem\",\"position\":1,\"name\":\"Home\",\"item\":\"https:\/\/www.hotelsincanada.eu\/de\/\"},{\"@type\":\"ListItem\",\"position\":2,\"name\":\"Anzeige\"}]},{\"@type\":\"WebSite\",\"@id\":\"https:\/\/www.hotelsincanada.eu\/de\/#website\",\"url\":\"https:\/\/www.hotelsincanada.eu\/de\/\",\"name\":\"Hotels in Canada\",\"description\":\"Hotels Directory\",\"publisher\":{\"@id\":\"https:\/\/www.hotelsincanada.eu\/de\/#organization\"},\"potentialAction\":[{\"@type\":\"SearchAction\",\"target\":{\"@type\":\"EntryPoint\",\"urlTemplate\":\"https:\/\/www.hotelsincanada.eu\/de\/?s={search_term_string}\"},\"query-input\":\"required name=search_term_string\"}],\"inLanguage\":\"de\"},{\"@type\":\"Organization\",\"@id\":\"https:\/\/www.hotelsincanada.eu\/de\/#organization\",\"name\":\"Hotels in Canada\",\"url\":\"https:\/\/www.hotelsincanada.eu\/de\/\",\"logo\":{\"@type\":\"ImageObject\",\"inLanguage\":\"de\",\"@id\":\"https:\/\/www.hotelsincanada.eu\/de\/#\/schema\/logo\/image\/\",\"url\":\"https:\/\/hotelsinusa.eu\/wp-content\/uploads\/2023\/12\/Hotels-in-USA.svg\",\"contentUrl\":\"https:\/\/hotelsinusa.eu\/wp-content\/uploads\/2023\/12\/Hotels-in-USA.svg\",\"width\":1,\"height\":1,\"caption\":\"Hotels in Canada\"},\"image\":{\"@id\":\"https:\/\/www.hotelsincanada.eu\/de\/#\/schema\/logo\/image\/\"}}]}<\/script>\n<!-- \/ Yoast SEO plugin. -->","yoast_head_json":{"title":"Anzeige - Hotels in Canada","description":"Hotels in Lettland Anzeigenpreise, Bannerpreise und Blogpostpreise; kontaktiere uns f\u00fcr weitere Informationen und um unsere Dienste zu bestellen.","robots":{"index":"noindex","follow":"follow","max-snippet":"max-snippet:-1","max-image-preview":"max-image-preview:large","max-video-preview":"max-video-preview:-1"},"og_locale":"de_DE","og_type":"article","og_title":"Anzeige - Hotels in Canada","og_description":"Hotels in Lettland Anzeigenpreise, Bannerpreise und Blogpostpreise; kontaktiere uns f\u00fcr weitere Informationen und um unsere Dienste zu bestellen.","og_url":"https:\/\/www.hotelsincanada.eu\/de\/anzeige\/","og_site_name":"Hotels in Canada","article_modified_time":"2023-11-24T08:56:33+00:00","twitter_card":"summary_large_image","twitter_misc":{"Gesch\u00e4tzte Lesezeit":"2\u00a0Minuten"},"schema":{"@context":"https:\/\/schema.org","@graph":[{"@type":"WebPage","@id":"https:\/\/www.hotelsincanada.eu\/de\/anzeige\/","url":"https:\/\/www.hotelsincanada.eu\/de\/anzeige\/","name":"Anzeige - Hotels in Canada","isPartOf":{"@id":"https:\/\/www.hotelsincanada.eu\/de\/#website"},"datePublished":"2023-07-25T03:12:20+00:00","dateModified":"2023-11-24T08:56:33+00:00","description":"Hotels in Lettland Anzeigenpreise, Bannerpreise und Blogpostpreise; kontaktiere uns f\u00fcr weitere Informationen und um unsere Dienste zu bestellen.","breadcrumb":{"@id":"https:\/\/www.hotelsincanada.eu\/de\/anzeige\/#breadcrumb"},"inLanguage":"de","potentialAction":[{"@type":"ReadAction","target":["https:\/\/www.hotelsincanada.eu\/de\/anzeige\/"]}]},{"@type":"BreadcrumbList","@id":"https:\/\/www.hotelsincanada.eu\/de\/anzeige\/#breadcrumb","itemListElement":[{"@type":"ListItem","position":1,"name":"Home","item":"https:\/\/www.hotelsincanada.eu\/de\/"},{"@type":"ListItem","position":2,"name":"Anzeige"}]},{"@type":"WebSite","@id":"https:\/\/www.hotelsincanada.eu\/de\/#website","url":"https:\/\/www.hotelsincanada.eu\/de\/","name":"Hotels in Canada","description":"Hotels Directory","publisher":{"@id":"https:\/\/www.hotelsincanada.eu\/de\/#organization"},"potentialAction":[{"@type":"SearchAction","target":{"@type":"EntryPoint","urlTemplate":"https:\/\/www.hotelsincanada.eu\/de\/?s={search_term_string}"},"query-input":"required name=search_term_string"}],"inLanguage":"de"},{"@type":"Organization","@id":"https:\/\/www.hotelsincanada.eu\/de\/#organization","name":"Hotels in Canada","url":"https:\/\/www.hotelsincanada.eu\/de\/","logo":{"@type":"ImageObject","inLanguage":"de","@id":"https:\/\/www.hotelsincanada.eu\/de\/#\/schema\/logo\/image\/","url":"https:\/\/hotelsinusa.eu\/wp-content\/uploads\/2023\/12\/Hotels-in-USA.svg","contentUrl":"https:\/\/hotelsinusa.eu\/wp-content\/uploads\/2023\/12\/Hotels-in-USA.svg","width":1,"height":1,"caption":"Hotels in Canada"},"image":{"@id":"https:\/\/www.hotelsincanada.eu\/de\/#\/schema\/logo\/image\/"}}]}},"_links":{"self":[{"href":"https:\/\/www.hotelsincanada.eu\/de\/wp-json\/wp\/v2\/pages\/2670","targetHints":{"allow":["GET"]}}],"collection":[{"href":"https:\/\/www.hotelsincanada.eu\/de\/wp-json\/wp\/v2\/pages"}],"about":[{"href":"https:\/\/www.hotelsincanada.eu\/de\/wp-json\/wp\/v2\/types\/page"}],"author":[{"embeddable":true,"href":"https:\/\/www.hotelsincanada.eu\/de\/wp-json\/wp\/v2\/users\/1"}],"replies":[{"embeddable":true,"href":"https:\/\/www.hotelsincanada.eu\/de\/wp-json\/wp\/v2\/comments?post=2670"}],"version-history":[{"count":5,"href":"https:\/\/www.hotelsincanada.eu\/de\/wp-json\/wp\/v2\/pages\/2670\/revisions"}],"predecessor-version":[{"id":3107,"href":"https:\/\/www.hotelsincanada.eu\/de\/wp-json\/wp\/v2\/pages\/2670\/revisions\/3107"}],"wp:attachment":[{"href":"https:\/\/www.hotelsincanada.eu\/de\/wp-json\/wp\/v2\/media?parent=2670"}],"curies":[{"name":"wp","href":"https:\/\/api.w.org\/{rel}","templated":true}]}}