{"id":2683,"date":"2023-07-25T06:12:20","date_gmt":"2023-07-25T03:12:20","guid":{"rendered":"https:\/\/hotelsinusa.eu\/publicidad\/"},"modified":"2023-11-24T12:05:48","modified_gmt":"2023-11-24T09:05:48","slug":"publicidad","status":"publish","type":"page","link":"https:\/\/www.hotelsincanada.eu\/es\/publicidad\/","title":{"rendered":"Publicidad"},"content":{"rendered":"\n<h2 class=\"wp-block-heading\">Precios de las plazas hoteleras en 2023 (si hay plazas disponibles):<\/h2>\n\n\n\n<figure class=\"wp-block-table price-table-gutenberg price-table\"><table class=\"has-fixed-layout\"><thead><tr><th>Plan B\u00e1sico<\/th><th>Plan Plata <small>Todo incluido en el Plan B\u00e1sico<\/small><\/th><th>Plan Oro <small>Todo incluido en el Plan Plata<\/small><\/th><th>Plan Platino <small>Todo incluido en el Plan Oro<\/small><\/th><\/tr><\/thead><tbody><tr><td>Puesto garantizado en el cat\u00e1logo  <\/td><td><code>Silver Partner badge<\/code> <img decoding=\"async\" src=\"https:\/\/www.hotelsincanada.eu\/wp-content\/uploads\/2023\/07\/Partner-Silver.svg\"><\/td><td><code>Gold Partner badge<\/code> <img decoding=\"async\" src=\"https:\/\/www.hotelsincanada.eu\/wp-content\/uploads\/2023\/07\/Partner-Gold.svg\"><\/td><td><code>Platinum Partner badge<\/code> <img decoding=\"async\" src=\"https:\/\/www.hotelsincanada.eu\/wp-content\/uploads\/2023\/07\/Partner-Platinium.svg\"><\/td><\/tr><tr><td>Informaci\u00f3n sobre tu hotel<\/td><td>Posici\u00f3n m\u00e1s alta en el cat\u00e1logo <small>(por encima de los hoteles del plan B\u00e1sico) <\/small> <\/td><td>Las mejores posiciones de nuestro cat\u00e1logo <small>(por encima de los hoteles del plan Plata) <\/small> <\/td><td>El mejor lugar de nuestro cat\u00e1logo<small> (TOP SPOT por encima de todos los dem\u00e1s hoteles) <\/small> <\/td><\/tr><tr><td>Fotos de tu hotel <small>(hasta 5)<\/small><\/td><td>1 entrada de blog en la que se mencionar\u00e1 tu hotel<\/td><td>2 entradas de blog adicionales en las que se mencionar\u00e1 tu hotel<\/td><td>4 entradas de blog adicionales en las que se mencionar\u00e1 tu hotel<\/td><\/tr><tr><td>Informaci\u00f3n sobre precios <small>(para habitaciones individuales y dobles)<\/small><\/td><td>5 fotos adicionales<\/td><td>Enlace directo a tu hotel en las entradas del blog<\/td><td>Anuncio de 3 meses <small>(lado derecho) <\/small> <\/td><\/tr><tr><td>\u00a1! L\u00edmite de hoteles 40*<\/td><td>\u00a1! L\u00edmite de hoteles &#8211; 9<\/td><td>5 fotos adicionales<\/td><td>1 v\u00eddeo de tu hotel<\/td><\/tr><tr><td colspan=\"2\"><\/td><td>\u00a1! L\u00edmite de hoteles &#8211; 6*<\/td><td>\u00a1! L\u00edmite de hoteles &#8211; 1*<\/td><\/tr><tr><td><code>\u20ac 290.00 \/<\/code><sub>A\u00d1O<\/sub> <br><a href=\"https:\/\/hotelsinusa.eu\/es\/formulario-de-solicitud\/?plan=basic\">Haz tu pedido<\/a><\/td><td><code>\u20ac 690.00 \/<\/code><sub>A\u00d1O<\/sub> <br><a href=\"https:\/\/hotelsinusa.eu\/es\/formulario-de-solicitud\/?plan=silver\">Haz tu pedido<\/a><\/td><td><code>\u20ac 1290.00 \/<\/code><sub>A\u00d1O  <\/sub><br><a href=\"https:\/\/hotelsinusa.eu\/es\/formulario-de-solicitud\/?plan=gold\">Haz tu pedido<\/a><\/td><td><code>\u20ac 2500.00 \/<\/code><sub>A\u00d1O  <\/sub><br><a href=\"https:\/\/hotelsinusa.eu\/es\/formulario-de-solicitud\/?plan=platinum\">Haz tu pedido<\/a><\/td><\/tr><\/tbody><\/table><\/figure>\n\n\n\n<p class=\"has-small-font-size\">*Tenemos un n\u00famero limitado de plazas en nuestro cat\u00e1logo; si est\u00e1n todas ocupadas, tendr\u00e1s que esperar hasta el periodo de suscripci\u00f3n del a\u00f1o que viene. Los precios variar\u00e1n de un a\u00f1o a otro en funci\u00f3n de c\u00f3mo compitan los hoteles por las plazas en nuestro cat\u00e1logo. Por ejemplo, en el Plan Platino, s\u00f3lo un hotel puede obtener esta plaza, y no cambiar\u00e1 durante un a\u00f1o; se asigna espec\u00edficamente a un suscriptor exclusivo del Plan Platino.<\/p>\n","protected":false},"excerpt":{"rendered":"<p>Precios de las plazas hoteleras en 2023 (si hay plazas disponibles): Plan B\u00e1sico Plan Plata Todo incluido en el Plan B\u00e1sico Plan Oro Todo incluido en el Plan Plata Plan Platino Todo incluido en el Plan Oro Puesto garantizado en el cat\u00e1logo Silver Partner badge Gold Partner badge Platinum Partner badge Informaci\u00f3n sobre tu hotel [&hellip;]<\/p>\n","protected":false},"author":1,"featured_media":0,"parent":0,"menu_order":0,"comment_status":"closed","ping_status":"closed","template":"templates\/prices.php","meta":{"_acf_changed":false,"footnotes":""},"class_list":["post-2683","page","type-page","status-publish","hentry"],"acf":[],"yoast_head":"<!-- This site is optimized with the Yoast SEO plugin v22.0 - https:\/\/yoast.com\/wordpress\/plugins\/seo\/ -->\n<title>Publicidad - Hotels in Canada<\/title>\n<meta name=\"description\" content=\"Precios de anuncios, banners y entradas de blog de Hoteles en Letonia; ponte en contacto con nosotros para obtener m\u00e1s informaci\u00f3n y contratar nuestros servicios.\" \/>\n<meta name=\"robots\" content=\"noindex, follow, max-snippet:-1, max-image-preview:large, max-video-preview:-1\" \/>\n<meta property=\"og:locale\" content=\"es_ES\" \/>\n<meta property=\"og:type\" content=\"article\" \/>\n<meta property=\"og:title\" content=\"Publicidad - Hotels in Canada\" \/>\n<meta property=\"og:description\" content=\"Precios de anuncios, banners y entradas de blog de Hoteles en Letonia; ponte en contacto con nosotros para obtener m\u00e1s informaci\u00f3n y contratar nuestros servicios.\" \/>\n<meta property=\"og:url\" content=\"https:\/\/www.hotelsincanada.eu\/es\/publicidad\/\" \/>\n<meta property=\"og:site_name\" content=\"Hotels in Canada\" \/>\n<meta property=\"article:modified_time\" content=\"2023-11-24T09:05:48+00:00\" \/>\n<meta name=\"twitter:card\" content=\"summary_large_image\" \/>\n<meta name=\"twitter:label1\" content=\"Tiempo de lectura\" \/>\n\t<meta name=\"twitter:data1\" content=\"2 minutos\" \/>\n<script type=\"application\/ld+json\" class=\"yoast-schema-graph\">{\"@context\":\"https:\/\/schema.org\",\"@graph\":[{\"@type\":\"WebPage\",\"@id\":\"https:\/\/www.hotelsincanada.eu\/es\/publicidad\/\",\"url\":\"https:\/\/www.hotelsincanada.eu\/es\/publicidad\/\",\"name\":\"Publicidad - Hotels in Canada\",\"isPartOf\":{\"@id\":\"https:\/\/www.hotelsincanada.eu\/es\/#website\"},\"datePublished\":\"2023-07-25T03:12:20+00:00\",\"dateModified\":\"2023-11-24T09:05:48+00:00\",\"description\":\"Precios de anuncios, banners y entradas de blog de Hoteles en Letonia; ponte en contacto con nosotros para obtener m\u00e1s informaci\u00f3n y contratar nuestros servicios.\",\"breadcrumb\":{\"@id\":\"https:\/\/www.hotelsincanada.eu\/es\/publicidad\/#breadcrumb\"},\"inLanguage\":\"es\",\"potentialAction\":[{\"@type\":\"ReadAction\",\"target\":[\"https:\/\/www.hotelsincanada.eu\/es\/publicidad\/\"]}]},{\"@type\":\"BreadcrumbList\",\"@id\":\"https:\/\/www.hotelsincanada.eu\/es\/publicidad\/#breadcrumb\",\"itemListElement\":[{\"@type\":\"ListItem\",\"position\":1,\"name\":\"Home\",\"item\":\"https:\/\/www.hotelsincanada.eu\/es\/\"},{\"@type\":\"ListItem\",\"position\":2,\"name\":\"Publicidad\"}]},{\"@type\":\"WebSite\",\"@id\":\"https:\/\/www.hotelsincanada.eu\/es\/#website\",\"url\":\"https:\/\/www.hotelsincanada.eu\/es\/\",\"name\":\"Hotels in Canada\",\"description\":\"Hotels Directory\",\"publisher\":{\"@id\":\"https:\/\/www.hotelsincanada.eu\/es\/#organization\"},\"potentialAction\":[{\"@type\":\"SearchAction\",\"target\":{\"@type\":\"EntryPoint\",\"urlTemplate\":\"https:\/\/www.hotelsincanada.eu\/es\/?s={search_term_string}\"},\"query-input\":\"required name=search_term_string\"}],\"inLanguage\":\"es\"},{\"@type\":\"Organization\",\"@id\":\"https:\/\/www.hotelsincanada.eu\/es\/#organization\",\"name\":\"Hotels in Canada\",\"url\":\"https:\/\/www.hotelsincanada.eu\/es\/\",\"logo\":{\"@type\":\"ImageObject\",\"inLanguage\":\"es\",\"@id\":\"https:\/\/www.hotelsincanada.eu\/es\/#\/schema\/logo\/image\/\",\"url\":\"https:\/\/hotelsinusa.eu\/wp-content\/uploads\/2023\/12\/Hotels-in-USA.svg\",\"contentUrl\":\"https:\/\/hotelsinusa.eu\/wp-content\/uploads\/2023\/12\/Hotels-in-USA.svg\",\"width\":1,\"height\":1,\"caption\":\"Hotels in Canada\"},\"image\":{\"@id\":\"https:\/\/www.hotelsincanada.eu\/es\/#\/schema\/logo\/image\/\"}}]}<\/script>\n<!-- \/ Yoast SEO plugin. -->","yoast_head_json":{"title":"Publicidad - Hotels in Canada","description":"Precios de anuncios, banners y entradas de blog de Hoteles en Letonia; ponte en contacto con nosotros para obtener m\u00e1s informaci\u00f3n y contratar nuestros servicios.","robots":{"index":"noindex","follow":"follow","max-snippet":"max-snippet:-1","max-image-preview":"max-image-preview:large","max-video-preview":"max-video-preview:-1"},"og_locale":"es_ES","og_type":"article","og_title":"Publicidad - Hotels in Canada","og_description":"Precios de anuncios, banners y entradas de blog de Hoteles en Letonia; ponte en contacto con nosotros para obtener m\u00e1s informaci\u00f3n y contratar nuestros servicios.","og_url":"https:\/\/www.hotelsincanada.eu\/es\/publicidad\/","og_site_name":"Hotels in Canada","article_modified_time":"2023-11-24T09:05:48+00:00","twitter_card":"summary_large_image","twitter_misc":{"Tiempo de lectura":"2 minutos"},"schema":{"@context":"https:\/\/schema.org","@graph":[{"@type":"WebPage","@id":"https:\/\/www.hotelsincanada.eu\/es\/publicidad\/","url":"https:\/\/www.hotelsincanada.eu\/es\/publicidad\/","name":"Publicidad - Hotels in Canada","isPartOf":{"@id":"https:\/\/www.hotelsincanada.eu\/es\/#website"},"datePublished":"2023-07-25T03:12:20+00:00","dateModified":"2023-11-24T09:05:48+00:00","description":"Precios de anuncios, banners y entradas de blog de Hoteles en Letonia; ponte en contacto con nosotros para obtener m\u00e1s informaci\u00f3n y contratar nuestros servicios.","breadcrumb":{"@id":"https:\/\/www.hotelsincanada.eu\/es\/publicidad\/#breadcrumb"},"inLanguage":"es","potentialAction":[{"@type":"ReadAction","target":["https:\/\/www.hotelsincanada.eu\/es\/publicidad\/"]}]},{"@type":"BreadcrumbList","@id":"https:\/\/www.hotelsincanada.eu\/es\/publicidad\/#breadcrumb","itemListElement":[{"@type":"ListItem","position":1,"name":"Home","item":"https:\/\/www.hotelsincanada.eu\/es\/"},{"@type":"ListItem","position":2,"name":"Publicidad"}]},{"@type":"WebSite","@id":"https:\/\/www.hotelsincanada.eu\/es\/#website","url":"https:\/\/www.hotelsincanada.eu\/es\/","name":"Hotels in Canada","description":"Hotels Directory","publisher":{"@id":"https:\/\/www.hotelsincanada.eu\/es\/#organization"},"potentialAction":[{"@type":"SearchAction","target":{"@type":"EntryPoint","urlTemplate":"https:\/\/www.hotelsincanada.eu\/es\/?s={search_term_string}"},"query-input":"required name=search_term_string"}],"inLanguage":"es"},{"@type":"Organization","@id":"https:\/\/www.hotelsincanada.eu\/es\/#organization","name":"Hotels in Canada","url":"https:\/\/www.hotelsincanada.eu\/es\/","logo":{"@type":"ImageObject","inLanguage":"es","@id":"https:\/\/www.hotelsincanada.eu\/es\/#\/schema\/logo\/image\/","url":"https:\/\/hotelsinusa.eu\/wp-content\/uploads\/2023\/12\/Hotels-in-USA.svg","contentUrl":"https:\/\/hotelsinusa.eu\/wp-content\/uploads\/2023\/12\/Hotels-in-USA.svg","width":1,"height":1,"caption":"Hotels in Canada"},"image":{"@id":"https:\/\/www.hotelsincanada.eu\/es\/#\/schema\/logo\/image\/"}}]}},"_links":{"self":[{"href":"https:\/\/www.hotelsincanada.eu\/es\/wp-json\/wp\/v2\/pages\/2683","targetHints":{"allow":["GET"]}}],"collection":[{"href":"https:\/\/www.hotelsincanada.eu\/es\/wp-json\/wp\/v2\/pages"}],"about":[{"href":"https:\/\/www.hotelsincanada.eu\/es\/wp-json\/wp\/v2\/types\/page"}],"author":[{"embeddable":true,"href":"https:\/\/www.hotelsincanada.eu\/es\/wp-json\/wp\/v2\/users\/1"}],"replies":[{"embeddable":true,"href":"https:\/\/www.hotelsincanada.eu\/es\/wp-json\/wp\/v2\/comments?post=2683"}],"version-history":[{"count":4,"href":"https:\/\/www.hotelsincanada.eu\/es\/wp-json\/wp\/v2\/pages\/2683\/revisions"}],"predecessor-version":[{"id":3112,"href":"https:\/\/www.hotelsincanada.eu\/es\/wp-json\/wp\/v2\/pages\/2683\/revisions\/3112"}],"wp:attachment":[{"href":"https:\/\/www.hotelsincanada.eu\/es\/wp-json\/wp\/v2\/media?parent=2683"}],"curies":[{"name":"wp","href":"https:\/\/api.w.org\/{rel}","templated":true}]}}