{"id":2646,"date":"2023-07-25T06:12:20","date_gmt":"2023-07-25T03:12:20","guid":{"rendered":"https:\/\/hotelsinusa.eu\/reklaam\/"},"modified":"2023-11-24T11:51:05","modified_gmt":"2023-11-24T08:51:05","slug":"reklaam","status":"publish","type":"page","link":"https:\/\/www.hotelsincanada.eu\/et\/reklaam\/","title":{"rendered":"Reklaam"},"content":{"rendered":"\n<h2 class=\"wp-block-heading\">Hotellistide hinnad 2023. aastal (kui kohti on saadaval):<\/h2>\n\n\n\n<figure class=\"wp-block-table price-table-gutenberg price-table\"><table class=\"has-fixed-layout\"><thead><tr><th>P\u00f5hiplaan<\/th><th>Silver Plan <small>K\u00f5ik, mis sisaldub p\u00f5hipaketis<\/small><\/th><th>Gold Plan <small>K\u00f5ik, mis sisaldub Silver Planis<\/small><\/th><th>Platinum Plan <small>K\u00f5ik, mis sisaldub Gold Planis<\/small><\/th><\/tr><\/thead><tbody><tr><td>Garanteeritud koht kataloogis  <\/td><td><code>Silver Partner badge<\/code> <img decoding=\"async\" src=\"https:\/\/www.hotelsincanada.eu\/wp-content\/uploads\/2023\/07\/Partner-Silver.svg\"><\/td><td><code>Gold Partner badge<\/code> <img decoding=\"async\" src=\"https:\/\/www.hotelsincanada.eu\/wp-content\/uploads\/2023\/07\/Partner-Gold.svg\"><\/td><td><code>Platinum Partner badge<\/code> <img decoding=\"async\" src=\"https:\/\/www.hotelsincanada.eu\/wp-content\/uploads\/2023\/07\/Partner-Platinium.svg\"><\/td><\/tr><tr><td>Teave teie hotelli kohta<\/td><td>K\u00f5rgem positsioon kataloogis <small>(k\u00f5rgemal kui p\u00f5hiplaani hotellid) <\/small> <\/td><td>Parimad positsioonid meie kataloogis <small>(Silver plan hotellidest k\u00f5rgemal) <\/small> <\/td><td>Parim koht meie kataloogis<small> (TOP SPOT k\u00f5igi teiste hotellide kohal) <\/small> <\/td><\/tr><tr><td>Pildid teie hotellist <small>(kuni 5)<\/small><\/td><td>1 blogipostitus, kus teie hotelli mainitakse<\/td><td>2 t\u00e4iendavat blogipostitust, kus teie hotelli mainitakse<\/td><td>4 t\u00e4iendavat blogipostitust, kus teie hotelli mainitakse<\/td><\/tr><tr><td>Hinnainfo <small>(\u00fche- ja kahekohalistele tubadele)<\/small><\/td><td>T\u00e4iendavad 5 pilti<\/td><td>Otsene link teie hotellile blogipostitustes<\/td><td>3 kuu b\u00e4nneri koht <small>(paremal pool) <\/small> <\/td><\/tr><tr><td>! Hotellide piirarv 40*<\/td><td>! Hotellide arv &#8211; 9*<\/td><td>T\u00e4iendavad 5 pilti<\/td><td>1 video teie hotellist<\/td><\/tr><tr><td colspan=\"2\"><\/td><td>! Hotellide piirarv &#8211; 6*<\/td><td>! Hotellide piirarv &#8211; 1*<\/td><\/tr><tr><td><code>\u20ac 290.00 \/<\/code><sub>AASTAT<\/sub> <br><a href=\"https:\/\/hotelsinusa.eu\/et\/taotlusvorm\/?plan=basic\">Telli n\u00fc\u00fcd<\/a><\/td><td><code>\u20ac 690.00 \/<\/code><sub>AASTAT<\/sub> <br><a href=\"https:\/\/hotelsinusa.eu\/et\/taotlusvorm\/?plan=silver\">Telli n\u00fc\u00fcd<\/a><\/td><td><code>\u20ac 1290.00 \/<\/code><sub>AASTAT  <\/sub><br><a href=\"https:\/\/hotelsinusa.eu\/et\/taotlusvorm\/?plan=gold\">Telli n\u00fc\u00fcd<\/a><\/td><td><code>\u20ac 2500.00 \/<\/code><sub>AASTAT  <\/sub><br><a href=\"https:\/\/hotelsinusa.eu\/et\/taotlusvorm\/?plan=platinum\">Telli n\u00fc\u00fcd<\/a><\/td><\/tr><\/tbody><\/table><\/figure>\n\n\n\n<p class=\"has-small-font-size\">*Kataloogis on piiratud arv kohti; kui need on k\u00f5ik h\u00f5ivatud, peate ootama j\u00e4rgmise aasta tellimusperioodi. Hinnad varieeruvad igal aastal vastavalt sellele, kuidas hotellid konkureerivad meie kataloogis olevate kohtade p\u00e4rast. N\u00e4iteks Platinum-kava puhul saab selle koha saada ainult \u00fcks hotell ja see ei muutu aasta jooksul; see on m\u00e4\u00e4ratud konkreetselt \u00fchele Platinum-kava tellijale.<\/p>\n","protected":false},"excerpt":{"rendered":"<p>Hotellistide hinnad 2023. aastal (kui kohti on saadaval): P\u00f5hiplaan Silver Plan K\u00f5ik, mis sisaldub p\u00f5hipaketis Gold Plan K\u00f5ik, mis sisaldub Silver Planis Platinum Plan K\u00f5ik, mis sisaldub Gold Planis Garanteeritud koht kataloogis Silver Partner badge Gold Partner badge Platinum Partner badge Teave teie hotelli kohta K\u00f5rgem positsioon kataloogis (k\u00f5rgemal kui p\u00f5hiplaani hotellid) Parimad positsioonid meie [&hellip;]<\/p>\n","protected":false},"author":1,"featured_media":0,"parent":0,"menu_order":0,"comment_status":"closed","ping_status":"closed","template":"templates\/prices.php","meta":{"_acf_changed":false,"footnotes":""},"class_list":["post-2646","page","type-page","status-publish","hentry"],"acf":[],"yoast_head":"<!-- This site is optimized with the Yoast SEO plugin v22.0 - https:\/\/yoast.com\/wordpress\/plugins\/seo\/ -->\n<title>Reklaam - Hotels in Canada<\/title>\n<meta name=\"description\" content=\"L\u00e4ti hotellide reklaami hinnad, b\u00e4nnerite hinnad ja blogipostituste hinnad; v\u00f5tke meiega \u00fchendust, kui soovite lisateavet ja tellida meie teenuseid.\" \/>\n<meta name=\"robots\" content=\"noindex, follow, max-snippet:-1, max-image-preview:large, max-video-preview:-1\" \/>\n<meta property=\"og:locale\" content=\"et_EE\" \/>\n<meta property=\"og:type\" content=\"article\" \/>\n<meta property=\"og:title\" content=\"Reklaam - Hotels in Canada\" \/>\n<meta property=\"og:description\" content=\"L\u00e4ti hotellide reklaami hinnad, b\u00e4nnerite hinnad ja blogipostituste hinnad; v\u00f5tke meiega \u00fchendust, kui soovite lisateavet ja tellida meie teenuseid.\" \/>\n<meta property=\"og:url\" content=\"https:\/\/www.hotelsincanada.eu\/et\/reklaam\/\" \/>\n<meta property=\"og:site_name\" content=\"Hotels in Canada\" \/>\n<meta property=\"article:modified_time\" content=\"2023-11-24T08:51:05+00:00\" \/>\n<meta name=\"twitter:card\" content=\"summary_large_image\" \/>\n<meta name=\"twitter:label1\" content=\"Est. reading time\" \/>\n\t<meta name=\"twitter:data1\" content=\"1 minut\" \/>\n<script type=\"application\/ld+json\" class=\"yoast-schema-graph\">{\"@context\":\"https:\/\/schema.org\",\"@graph\":[{\"@type\":\"WebPage\",\"@id\":\"https:\/\/www.hotelsincanada.eu\/et\/reklaam\/\",\"url\":\"https:\/\/www.hotelsincanada.eu\/et\/reklaam\/\",\"name\":\"Reklaam - Hotels in Canada\",\"isPartOf\":{\"@id\":\"https:\/\/www.hotelsincanada.eu\/et\/#website\"},\"datePublished\":\"2023-07-25T03:12:20+00:00\",\"dateModified\":\"2023-11-24T08:51:05+00:00\",\"description\":\"L\u00e4ti hotellide reklaami hinnad, b\u00e4nnerite hinnad ja blogipostituste hinnad; v\u00f5tke meiega \u00fchendust, kui soovite lisateavet ja tellida meie teenuseid.\",\"breadcrumb\":{\"@id\":\"https:\/\/www.hotelsincanada.eu\/et\/reklaam\/#breadcrumb\"},\"inLanguage\":\"et\",\"potentialAction\":[{\"@type\":\"ReadAction\",\"target\":[\"https:\/\/www.hotelsincanada.eu\/et\/reklaam\/\"]}]},{\"@type\":\"BreadcrumbList\",\"@id\":\"https:\/\/www.hotelsincanada.eu\/et\/reklaam\/#breadcrumb\",\"itemListElement\":[{\"@type\":\"ListItem\",\"position\":1,\"name\":\"Home\",\"item\":\"https:\/\/www.hotelsincanada.eu\/et\/\"},{\"@type\":\"ListItem\",\"position\":2,\"name\":\"Reklaam\"}]},{\"@type\":\"WebSite\",\"@id\":\"https:\/\/www.hotelsincanada.eu\/et\/#website\",\"url\":\"https:\/\/www.hotelsincanada.eu\/et\/\",\"name\":\"Hotels in Canada\",\"description\":\"Hotels Directory\",\"publisher\":{\"@id\":\"https:\/\/www.hotelsincanada.eu\/et\/#organization\"},\"potentialAction\":[{\"@type\":\"SearchAction\",\"target\":{\"@type\":\"EntryPoint\",\"urlTemplate\":\"https:\/\/www.hotelsincanada.eu\/et\/?s={search_term_string}\"},\"query-input\":\"required name=search_term_string\"}],\"inLanguage\":\"et\"},{\"@type\":\"Organization\",\"@id\":\"https:\/\/www.hotelsincanada.eu\/et\/#organization\",\"name\":\"Hotels in Canada\",\"url\":\"https:\/\/www.hotelsincanada.eu\/et\/\",\"logo\":{\"@type\":\"ImageObject\",\"inLanguage\":\"et\",\"@id\":\"https:\/\/www.hotelsincanada.eu\/et\/#\/schema\/logo\/image\/\",\"url\":\"https:\/\/hotelsinusa.eu\/wp-content\/uploads\/2023\/12\/Hotels-in-USA.svg\",\"contentUrl\":\"https:\/\/hotelsinusa.eu\/wp-content\/uploads\/2023\/12\/Hotels-in-USA.svg\",\"width\":1,\"height\":1,\"caption\":\"Hotels in Canada\"},\"image\":{\"@id\":\"https:\/\/www.hotelsincanada.eu\/et\/#\/schema\/logo\/image\/\"}}]}<\/script>\n<!-- \/ Yoast SEO plugin. -->","yoast_head_json":{"title":"Reklaam - Hotels in Canada","description":"L\u00e4ti hotellide reklaami hinnad, b\u00e4nnerite hinnad ja blogipostituste hinnad; v\u00f5tke meiega \u00fchendust, kui soovite lisateavet ja tellida meie teenuseid.","robots":{"index":"noindex","follow":"follow","max-snippet":"max-snippet:-1","max-image-preview":"max-image-preview:large","max-video-preview":"max-video-preview:-1"},"og_locale":"et_EE","og_type":"article","og_title":"Reklaam - Hotels in Canada","og_description":"L\u00e4ti hotellide reklaami hinnad, b\u00e4nnerite hinnad ja blogipostituste hinnad; v\u00f5tke meiega \u00fchendust, kui soovite lisateavet ja tellida meie teenuseid.","og_url":"https:\/\/www.hotelsincanada.eu\/et\/reklaam\/","og_site_name":"Hotels in Canada","article_modified_time":"2023-11-24T08:51:05+00:00","twitter_card":"summary_large_image","twitter_misc":{"Est. reading time":"1 minut"},"schema":{"@context":"https:\/\/schema.org","@graph":[{"@type":"WebPage","@id":"https:\/\/www.hotelsincanada.eu\/et\/reklaam\/","url":"https:\/\/www.hotelsincanada.eu\/et\/reklaam\/","name":"Reklaam - Hotels in Canada","isPartOf":{"@id":"https:\/\/www.hotelsincanada.eu\/et\/#website"},"datePublished":"2023-07-25T03:12:20+00:00","dateModified":"2023-11-24T08:51:05+00:00","description":"L\u00e4ti hotellide reklaami hinnad, b\u00e4nnerite hinnad ja blogipostituste hinnad; v\u00f5tke meiega \u00fchendust, kui soovite lisateavet ja tellida meie teenuseid.","breadcrumb":{"@id":"https:\/\/www.hotelsincanada.eu\/et\/reklaam\/#breadcrumb"},"inLanguage":"et","potentialAction":[{"@type":"ReadAction","target":["https:\/\/www.hotelsincanada.eu\/et\/reklaam\/"]}]},{"@type":"BreadcrumbList","@id":"https:\/\/www.hotelsincanada.eu\/et\/reklaam\/#breadcrumb","itemListElement":[{"@type":"ListItem","position":1,"name":"Home","item":"https:\/\/www.hotelsincanada.eu\/et\/"},{"@type":"ListItem","position":2,"name":"Reklaam"}]},{"@type":"WebSite","@id":"https:\/\/www.hotelsincanada.eu\/et\/#website","url":"https:\/\/www.hotelsincanada.eu\/et\/","name":"Hotels in Canada","description":"Hotels Directory","publisher":{"@id":"https:\/\/www.hotelsincanada.eu\/et\/#organization"},"potentialAction":[{"@type":"SearchAction","target":{"@type":"EntryPoint","urlTemplate":"https:\/\/www.hotelsincanada.eu\/et\/?s={search_term_string}"},"query-input":"required name=search_term_string"}],"inLanguage":"et"},{"@type":"Organization","@id":"https:\/\/www.hotelsincanada.eu\/et\/#organization","name":"Hotels in Canada","url":"https:\/\/www.hotelsincanada.eu\/et\/","logo":{"@type":"ImageObject","inLanguage":"et","@id":"https:\/\/www.hotelsincanada.eu\/et\/#\/schema\/logo\/image\/","url":"https:\/\/hotelsinusa.eu\/wp-content\/uploads\/2023\/12\/Hotels-in-USA.svg","contentUrl":"https:\/\/hotelsinusa.eu\/wp-content\/uploads\/2023\/12\/Hotels-in-USA.svg","width":1,"height":1,"caption":"Hotels in Canada"},"image":{"@id":"https:\/\/www.hotelsincanada.eu\/et\/#\/schema\/logo\/image\/"}}]}},"_links":{"self":[{"href":"https:\/\/www.hotelsincanada.eu\/et\/wp-json\/wp\/v2\/pages\/2646","targetHints":{"allow":["GET"]}}],"collection":[{"href":"https:\/\/www.hotelsincanada.eu\/et\/wp-json\/wp\/v2\/pages"}],"about":[{"href":"https:\/\/www.hotelsincanada.eu\/et\/wp-json\/wp\/v2\/types\/page"}],"author":[{"embeddable":true,"href":"https:\/\/www.hotelsincanada.eu\/et\/wp-json\/wp\/v2\/users\/1"}],"replies":[{"embeddable":true,"href":"https:\/\/www.hotelsincanada.eu\/et\/wp-json\/wp\/v2\/comments?post=2646"}],"version-history":[{"count":6,"href":"https:\/\/www.hotelsincanada.eu\/et\/wp-json\/wp\/v2\/pages\/2646\/revisions"}],"predecessor-version":[{"id":3103,"href":"https:\/\/www.hotelsincanada.eu\/et\/wp-json\/wp\/v2\/pages\/2646\/revisions\/3103"}],"wp:attachment":[{"href":"https:\/\/www.hotelsincanada.eu\/et\/wp-json\/wp\/v2\/media?parent=2646"}],"curies":[{"name":"wp","href":"https:\/\/api.w.org\/{rel}","templated":true}]}}