{"id":2648,"date":"2023-07-25T06:12:20","date_gmt":"2023-07-25T03:12:20","guid":{"rendered":"https:\/\/hotelsinusa.eu\/meie-kontaktid\/"},"modified":"2023-09-29T11:26:15","modified_gmt":"2023-09-29T08:26:15","slug":"meie-kontaktid","status":"publish","type":"page","link":"https:\/\/www.hotelsincanada.eu\/et\/meie-kontaktid\/","title":{"rendered":"Meie kontaktid"},"content":{"rendered":"\n<h2 class=\"wp-block-heading\">Kuidas me saame aidata?<\/h2>\n\n<p>P\u00e4rast terve p\u00e4eva kestnud vaatamisv\u00e4\u00e4rsusi v\u00f5i \u00e4rikohtumisi saavad k\u00fclalised l\u00f5\u00f5gastuda \u00fclima mugavusega hotelli 95 h\u00e4sti kujundatud ja moodsas toas ja sviidis. Lisaks k\u00fclluslikele voodipesudele on k\u00f5igis selle Riia majutusasutuse tubades sellised suurep\u00e4rased mugavused nagu tasuta kiire traadita interneti\u00fchendus, minibaar ja televiisor koos tasuliste filmidega. K\u00fclalised saavad valida suitsetajate v\u00f5i mittesuitsetajate toa vahel. Puuetega k\u00fclalistele on saadaval spetsiaalselt varustatud tuba ning piiratud arv parkettp\u00f5randaga tube pakutakse allergiatundlikele reisijatele.<\/p>\n\n<p>Nautige kohapealseid restorane ja spordikeskust, kus on moodsaid treeningseadmeid ning saun ja t\u00fcrgi aurusaun. Sellised teenused nagu Express Check-Out ja Express Pesumaja lihtsustavad h\u00f5ivatud k\u00fclaliste reisimist. K\u00fclalised ei pea vaatama kaugemale kui restoran Piramida, et nautida maitsvat s\u00f6\u00f6ki, mida serveeritakse hotelli ikoonilises klaasp\u00fcramiidis. Selle Riia restorani men\u00fc\u00fcsse kuuluvad nii balti kui ka rahvusvahelised toidud, mille puhul v\u00e4\u00e4rtustatakse v\u00e4rskeid ja kohalikke tooraineid.<\/p>\n\n<h2 class=\"wp-block-heading\">Kas teil on k\u00fcsimusi?<\/h2>\n\r\n<div class=\"d-flex w-100 hotels-contact-form flex-column \">\r\n    <form method=\"POST\" id=\"contact-form\">\r\n        <input type=\"hidden\" name=\"action\" value=\"send_form\">\r\n                <div class=\"row\">\r\n            <div class=\"col-md-6\">\r\n                <div class=\"input-group mb-3\">\r\n                    <span class=\"input-group-text text-black\" id=\"contact-form-name\">Name: <\/span>\r\n                    <input  type=\"text\" class=\"form-control\" placeholder=\"\" aria-label=\"\" aria-describedby=\"contact-form-name\" name=\"contact-name\">\r\n                <\/div>\r\n            <\/div>\r\n            <div class=\"col-md-6\">\r\n                <div class=\"input-group mb-3\">\r\n                    <span class=\"input-group-text text-black\" id=\"contact-form-last-name\">Last Name:<\/span>\r\n                    <input type=\"text\" class=\"form-control\" placeholder=\"\" aria-label=\"\" aria-describedby=\"contact-form-last-name\" name=\"contact-lastname\">\r\n                <\/div>\r\n            <\/div>\r\n        <\/div>\r\n        <div class=\"row\">\r\n            <div class=\"col-md-6\">\r\n                <div class=\"input-group mb-3\">\r\n                    <span class=\"input-group-text text-black\" id=\"contact-form-email\">Email:<\/span>\r\n                    <input  type=\"email\" class=\"form-control\" placeholder=\"\" aria-label=\"\" aria-describedby=\"contact-form-email\" name=\"contact-email\">\r\n                <\/div>\r\n            <\/div>\r\n            <div class=\"col-md-6\">\r\n                <div class=\"input-group mb-3\">\r\n                    <span class=\"input-group-text text-black\" id=\"contact-form-phone\">Phone:<\/span>\r\n                    <input  type=\"phone\" class=\"form-control\" placeholder=\"\" aria-label=\"\" aria-describedby=\"contact-form-phone\" name=\"contact-phone\">\r\n                <\/div>\r\n            <\/div>\r\n        <\/div>\r\n        <div class=\"row\">\r\n            <div class=\"col-md-12\">\r\n                <div class=\"input-group\">\r\n                    <span class=\"input-group-text text-black\">Message:<\/span>\r\n                    <textarea  class=\"form-control\" aria-label=\"With textarea\" name=\"contact-message\" rows=5><\/textarea>\r\n                <\/div>\r\n            <\/div>\r\n        <\/div>\r\n       <div class=\"row pt-4\">\r\n            <div class=\"col-md-12\">\r\n                <div class=\"d-flex flex-row align-items-center\">\r\n                    <button class=\"btn hotels-secondary-btn\" type=\"submit\" name=\"contact-form-send\">Send<\/button>\r\n                    <div class=\"form-check ms-5\">\r\n                        <input class=\"form-check-input\" type=\"checkbox\" value=\"accept\" id=\"contact-form-accept-terms\" name=\"contact-accept-terms\">\r\n                        <label class=\"form-check-label\" for=\"contact-form-accept-terms\">\r\n                            I consent Hotels in Canada to collecting my details through this form.                        <\/label>\r\n                    <\/div>\r\n                <\/div>\r\n            <\/div>\r\n        <\/div>\r\n    <\/form>\r\n<\/div>\n","protected":false},"excerpt":{"rendered":"<p>Kuidas me saame aidata? P\u00e4rast terve p\u00e4eva kestnud vaatamisv\u00e4\u00e4rsusi v\u00f5i \u00e4rikohtumisi saavad k\u00fclalised l\u00f5\u00f5gastuda \u00fclima mugavusega hotelli 95 h\u00e4sti kujundatud ja moodsas toas ja sviidis. Lisaks k\u00fclluslikele voodipesudele on k\u00f5igis selle Riia majutusasutuse tubades sellised suurep\u00e4rased mugavused nagu tasuta kiire traadita interneti\u00fchendus, minibaar ja televiisor koos tasuliste filmidega. K\u00fclalised saavad valida suitsetajate v\u00f5i mittesuitsetajate toa [&hellip;]<\/p>\n","protected":false},"author":1,"featured_media":0,"parent":0,"menu_order":0,"comment_status":"closed","ping_status":"closed","template":"templates\/contact-us.php","meta":{"_acf_changed":false,"footnotes":""},"class_list":["post-2648","page","type-page","status-publish","hentry"],"acf":[],"yoast_head":"<!-- This site is optimized with the Yoast SEO plugin v22.0 - https:\/\/yoast.com\/wordpress\/plugins\/seo\/ -->\n<title>Meie kontaktid - Hotels in Canada<\/title>\n<meta name=\"robots\" content=\"noindex, follow, max-snippet:-1, max-image-preview:large, max-video-preview:-1\" \/>\n<meta property=\"og:locale\" content=\"et_EE\" \/>\n<meta property=\"og:type\" content=\"article\" \/>\n<meta property=\"og:title\" content=\"Meie kontaktid - Hotels in Canada\" \/>\n<meta property=\"og:description\" content=\"Kuidas me saame aidata? P\u00e4rast terve p\u00e4eva kestnud vaatamisv\u00e4\u00e4rsusi v\u00f5i \u00e4rikohtumisi saavad k\u00fclalised l\u00f5\u00f5gastuda \u00fclima mugavusega hotelli 95 h\u00e4sti kujundatud ja moodsas toas ja sviidis. Lisaks k\u00fclluslikele voodipesudele on k\u00f5igis selle Riia majutusasutuse tubades sellised suurep\u00e4rased mugavused nagu tasuta kiire traadita interneti\u00fchendus, minibaar ja televiisor koos tasuliste filmidega. K\u00fclalised saavad valida suitsetajate v\u00f5i mittesuitsetajate toa [&hellip;]\" \/>\n<meta property=\"og:url\" content=\"https:\/\/www.hotelsincanada.eu\/et\/meie-kontaktid\/\" \/>\n<meta property=\"og:site_name\" content=\"Hotels in Canada\" \/>\n<meta property=\"article:modified_time\" content=\"2023-09-29T08:26:15+00:00\" \/>\n<meta name=\"twitter:card\" content=\"summary_large_image\" \/>\n<meta name=\"twitter:label1\" content=\"Est. reading time\" \/>\n\t<meta name=\"twitter:data1\" content=\"1 minut\" \/>\n<script type=\"application\/ld+json\" class=\"yoast-schema-graph\">{\"@context\":\"https:\/\/schema.org\",\"@graph\":[{\"@type\":\"WebPage\",\"@id\":\"https:\/\/www.hotelsincanada.eu\/et\/meie-kontaktid\/\",\"url\":\"https:\/\/www.hotelsincanada.eu\/et\/meie-kontaktid\/\",\"name\":\"Meie kontaktid - Hotels in Canada\",\"isPartOf\":{\"@id\":\"https:\/\/www.hotelsincanada.eu\/et\/#website\"},\"datePublished\":\"2023-07-25T03:12:20+00:00\",\"dateModified\":\"2023-09-29T08:26:15+00:00\",\"breadcrumb\":{\"@id\":\"https:\/\/www.hotelsincanada.eu\/et\/meie-kontaktid\/#breadcrumb\"},\"inLanguage\":\"et\",\"potentialAction\":[{\"@type\":\"ReadAction\",\"target\":[\"https:\/\/www.hotelsincanada.eu\/et\/meie-kontaktid\/\"]}]},{\"@type\":\"BreadcrumbList\",\"@id\":\"https:\/\/www.hotelsincanada.eu\/et\/meie-kontaktid\/#breadcrumb\",\"itemListElement\":[{\"@type\":\"ListItem\",\"position\":1,\"name\":\"Home\",\"item\":\"https:\/\/www.hotelsincanada.eu\/et\/\"},{\"@type\":\"ListItem\",\"position\":2,\"name\":\"Meie kontaktid\"}]},{\"@type\":\"WebSite\",\"@id\":\"https:\/\/www.hotelsincanada.eu\/et\/#website\",\"url\":\"https:\/\/www.hotelsincanada.eu\/et\/\",\"name\":\"Hotels in Canada\",\"description\":\"Hotels Directory\",\"publisher\":{\"@id\":\"https:\/\/www.hotelsincanada.eu\/et\/#organization\"},\"potentialAction\":[{\"@type\":\"SearchAction\",\"target\":{\"@type\":\"EntryPoint\",\"urlTemplate\":\"https:\/\/www.hotelsincanada.eu\/et\/?s={search_term_string}\"},\"query-input\":\"required name=search_term_string\"}],\"inLanguage\":\"et\"},{\"@type\":\"Organization\",\"@id\":\"https:\/\/www.hotelsincanada.eu\/et\/#organization\",\"name\":\"Hotels in Canada\",\"url\":\"https:\/\/www.hotelsincanada.eu\/et\/\",\"logo\":{\"@type\":\"ImageObject\",\"inLanguage\":\"et\",\"@id\":\"https:\/\/www.hotelsincanada.eu\/et\/#\/schema\/logo\/image\/\",\"url\":\"https:\/\/hotelsinusa.eu\/wp-content\/uploads\/2023\/12\/Hotels-in-USA.svg\",\"contentUrl\":\"https:\/\/hotelsinusa.eu\/wp-content\/uploads\/2023\/12\/Hotels-in-USA.svg\",\"width\":1,\"height\":1,\"caption\":\"Hotels in Canada\"},\"image\":{\"@id\":\"https:\/\/www.hotelsincanada.eu\/et\/#\/schema\/logo\/image\/\"}}]}<\/script>\n<!-- \/ Yoast SEO plugin. -->","yoast_head_json":{"title":"Meie kontaktid - Hotels in Canada","robots":{"index":"noindex","follow":"follow","max-snippet":"max-snippet:-1","max-image-preview":"max-image-preview:large","max-video-preview":"max-video-preview:-1"},"og_locale":"et_EE","og_type":"article","og_title":"Meie kontaktid - Hotels in Canada","og_description":"Kuidas me saame aidata? P\u00e4rast terve p\u00e4eva kestnud vaatamisv\u00e4\u00e4rsusi v\u00f5i \u00e4rikohtumisi saavad k\u00fclalised l\u00f5\u00f5gastuda \u00fclima mugavusega hotelli 95 h\u00e4sti kujundatud ja moodsas toas ja sviidis. Lisaks k\u00fclluslikele voodipesudele on k\u00f5igis selle Riia majutusasutuse tubades sellised suurep\u00e4rased mugavused nagu tasuta kiire traadita interneti\u00fchendus, minibaar ja televiisor koos tasuliste filmidega. K\u00fclalised saavad valida suitsetajate v\u00f5i mittesuitsetajate toa [&hellip;]","og_url":"https:\/\/www.hotelsincanada.eu\/et\/meie-kontaktid\/","og_site_name":"Hotels in Canada","article_modified_time":"2023-09-29T08:26:15+00:00","twitter_card":"summary_large_image","twitter_misc":{"Est. reading time":"1 minut"},"schema":{"@context":"https:\/\/schema.org","@graph":[{"@type":"WebPage","@id":"https:\/\/www.hotelsincanada.eu\/et\/meie-kontaktid\/","url":"https:\/\/www.hotelsincanada.eu\/et\/meie-kontaktid\/","name":"Meie kontaktid - Hotels in Canada","isPartOf":{"@id":"https:\/\/www.hotelsincanada.eu\/et\/#website"},"datePublished":"2023-07-25T03:12:20+00:00","dateModified":"2023-09-29T08:26:15+00:00","breadcrumb":{"@id":"https:\/\/www.hotelsincanada.eu\/et\/meie-kontaktid\/#breadcrumb"},"inLanguage":"et","potentialAction":[{"@type":"ReadAction","target":["https:\/\/www.hotelsincanada.eu\/et\/meie-kontaktid\/"]}]},{"@type":"BreadcrumbList","@id":"https:\/\/www.hotelsincanada.eu\/et\/meie-kontaktid\/#breadcrumb","itemListElement":[{"@type":"ListItem","position":1,"name":"Home","item":"https:\/\/www.hotelsincanada.eu\/et\/"},{"@type":"ListItem","position":2,"name":"Meie kontaktid"}]},{"@type":"WebSite","@id":"https:\/\/www.hotelsincanada.eu\/et\/#website","url":"https:\/\/www.hotelsincanada.eu\/et\/","name":"Hotels in Canada","description":"Hotels Directory","publisher":{"@id":"https:\/\/www.hotelsincanada.eu\/et\/#organization"},"potentialAction":[{"@type":"SearchAction","target":{"@type":"EntryPoint","urlTemplate":"https:\/\/www.hotelsincanada.eu\/et\/?s={search_term_string}"},"query-input":"required name=search_term_string"}],"inLanguage":"et"},{"@type":"Organization","@id":"https:\/\/www.hotelsincanada.eu\/et\/#organization","name":"Hotels in Canada","url":"https:\/\/www.hotelsincanada.eu\/et\/","logo":{"@type":"ImageObject","inLanguage":"et","@id":"https:\/\/www.hotelsincanada.eu\/et\/#\/schema\/logo\/image\/","url":"https:\/\/hotelsinusa.eu\/wp-content\/uploads\/2023\/12\/Hotels-in-USA.svg","contentUrl":"https:\/\/hotelsinusa.eu\/wp-content\/uploads\/2023\/12\/Hotels-in-USA.svg","width":1,"height":1,"caption":"Hotels in Canada"},"image":{"@id":"https:\/\/www.hotelsincanada.eu\/et\/#\/schema\/logo\/image\/"}}]}},"_links":{"self":[{"href":"https:\/\/www.hotelsincanada.eu\/et\/wp-json\/wp\/v2\/pages\/2648","targetHints":{"allow":["GET"]}}],"collection":[{"href":"https:\/\/www.hotelsincanada.eu\/et\/wp-json\/wp\/v2\/pages"}],"about":[{"href":"https:\/\/www.hotelsincanada.eu\/et\/wp-json\/wp\/v2\/types\/page"}],"author":[{"embeddable":true,"href":"https:\/\/www.hotelsincanada.eu\/et\/wp-json\/wp\/v2\/users\/1"}],"replies":[{"embeddable":true,"href":"https:\/\/www.hotelsincanada.eu\/et\/wp-json\/wp\/v2\/comments?post=2648"}],"version-history":[{"count":3,"href":"https:\/\/www.hotelsincanada.eu\/et\/wp-json\/wp\/v2\/pages\/2648\/revisions"}],"predecessor-version":[{"id":2702,"href":"https:\/\/www.hotelsincanada.eu\/et\/wp-json\/wp\/v2\/pages\/2648\/revisions\/2702"}],"wp:attachment":[{"href":"https:\/\/www.hotelsincanada.eu\/et\/wp-json\/wp\/v2\/media?parent=2648"}],"curies":[{"name":"wp","href":"https:\/\/api.w.org\/{rel}","templated":true}]}}