{"id":2652,"date":"2023-07-25T06:12:20","date_gmt":"2023-07-25T03:12:20","guid":{"rendered":"https:\/\/hotelsinusa.eu\/nos-contacts\/"},"modified":"2023-09-29T11:27:08","modified_gmt":"2023-09-29T08:27:08","slug":"nos-contacts","status":"publish","type":"page","link":"https:\/\/www.hotelsincanada.eu\/fr\/nos-contacts\/","title":{"rendered":"Nos contacts"},"content":{"rendered":"\n<h2 class=\"wp-block-heading\">Comment pouvons-nous t&rsquo;aider ?<\/h2>\n\n<p>Apr\u00e8s une journ\u00e9e enti\u00e8re de visites ou de r\u00e9unions d&rsquo;affaires, les clients peuvent se d\u00e9tendre dans un confort supr\u00eame dans les 95 chambres et suites modernes et bien con\u00e7ues de l&rsquo;h\u00f4tel. En plus d&rsquo;une literie moelleuse, chacune des chambres de cet h\u00e9bergement de Riga dispose de superbes \u00e9quipements tels que l&rsquo;acc\u00e8s gratuit \u00e0 Internet haut d\u00e9bit sans fil, un minibar et une t\u00e9l\u00e9vision avec des films \u00e0 la carte. Les clients peuvent choisir entre des chambres fumeurs ou non-fumeurs. Une chambre sp\u00e9cialement \u00e9quip\u00e9e est disponible pour les personnes \u00e0 mobilit\u00e9 r\u00e9duite, et un nombre limit\u00e9 de chambres avec parquet est propos\u00e9 aux voyageurs sensibles aux allerg\u00e8nes.<\/p>\n\n<p>Profite de ses restaurants sur place et de son centre de remise en forme, qui dispose d&rsquo;un \u00e9quipement d&rsquo;exercice de pointe ainsi que d&rsquo;un sauna et d&rsquo;un hammam turc. Des services tels que le d\u00e9part express et la blanchisserie express simplifient les d\u00e9placements des personnes tr\u00e8s occup\u00e9es. Les clients n&rsquo;ont pas besoin de chercher plus loin que le restaurant Piramida pour un d\u00e9licieux repas servi dans la pyramide de verre embl\u00e9matique de l&rsquo;h\u00f4tel. Proposant une cuisine balte et internationale, le menu de ce restaurant de Riga c\u00e9l\u00e8bre les ingr\u00e9dients frais et locaux.<\/p>\n\n<h2 class=\"wp-block-heading\">As-tu des questions ?<\/h2>\n\r\n<div class=\"d-flex w-100 hotels-contact-form flex-column \">\r\n    <form method=\"POST\" id=\"contact-form\">\r\n        <input type=\"hidden\" name=\"action\" value=\"send_form\">\r\n                <div class=\"row\">\r\n            <div class=\"col-md-6\">\r\n                <div class=\"input-group mb-3\">\r\n                    <span class=\"input-group-text text-black\" id=\"contact-form-name\">Name: <\/span>\r\n                    <input  type=\"text\" class=\"form-control\" placeholder=\"\" aria-label=\"\" aria-describedby=\"contact-form-name\" name=\"contact-name\">\r\n                <\/div>\r\n            <\/div>\r\n            <div class=\"col-md-6\">\r\n                <div class=\"input-group mb-3\">\r\n                    <span class=\"input-group-text text-black\" id=\"contact-form-last-name\">Last Name:<\/span>\r\n                    <input type=\"text\" class=\"form-control\" placeholder=\"\" aria-label=\"\" aria-describedby=\"contact-form-last-name\" name=\"contact-lastname\">\r\n                <\/div>\r\n            <\/div>\r\n        <\/div>\r\n        <div class=\"row\">\r\n            <div class=\"col-md-6\">\r\n                <div class=\"input-group mb-3\">\r\n                    <span class=\"input-group-text text-black\" id=\"contact-form-email\">Email:<\/span>\r\n                    <input  type=\"email\" class=\"form-control\" placeholder=\"\" aria-label=\"\" aria-describedby=\"contact-form-email\" name=\"contact-email\">\r\n                <\/div>\r\n            <\/div>\r\n            <div class=\"col-md-6\">\r\n                <div class=\"input-group mb-3\">\r\n                    <span class=\"input-group-text text-black\" id=\"contact-form-phone\">Phone:<\/span>\r\n                    <input  type=\"phone\" class=\"form-control\" placeholder=\"\" aria-label=\"\" aria-describedby=\"contact-form-phone\" name=\"contact-phone\">\r\n                <\/div>\r\n            <\/div>\r\n        <\/div>\r\n        <div class=\"row\">\r\n            <div class=\"col-md-12\">\r\n                <div class=\"input-group\">\r\n                    <span class=\"input-group-text text-black\">Message:<\/span>\r\n                    <textarea  class=\"form-control\" aria-label=\"With textarea\" name=\"contact-message\" rows=5><\/textarea>\r\n                <\/div>\r\n            <\/div>\r\n        <\/div>\r\n       <div class=\"row pt-4\">\r\n            <div class=\"col-md-12\">\r\n                <div class=\"d-flex flex-row align-items-center\">\r\n                    <button class=\"btn hotels-secondary-btn\" type=\"submit\" name=\"contact-form-send\">Send<\/button>\r\n                    <div class=\"form-check ms-5\">\r\n                        <input class=\"form-check-input\" type=\"checkbox\" value=\"accept\" id=\"contact-form-accept-terms\" name=\"contact-accept-terms\">\r\n                        <label class=\"form-check-label\" for=\"contact-form-accept-terms\">\r\n                            I consent Hotels in Canada to collecting my details through this form.                        <\/label>\r\n                    <\/div>\r\n                <\/div>\r\n            <\/div>\r\n        <\/div>\r\n    <\/form>\r\n<\/div>\n","protected":false},"excerpt":{"rendered":"<p>Comment pouvons-nous t&rsquo;aider ? Apr\u00e8s une journ\u00e9e enti\u00e8re de visites ou de r\u00e9unions d&rsquo;affaires, les clients peuvent se d\u00e9tendre dans un confort supr\u00eame dans les 95 chambres et suites modernes et bien con\u00e7ues de l&rsquo;h\u00f4tel. En plus d&rsquo;une literie moelleuse, chacune des chambres de cet h\u00e9bergement de Riga dispose de superbes \u00e9quipements tels que l&rsquo;acc\u00e8s [&hellip;]<\/p>\n","protected":false},"author":1,"featured_media":0,"parent":0,"menu_order":0,"comment_status":"closed","ping_status":"closed","template":"templates\/contact-us.php","meta":{"_acf_changed":false,"footnotes":""},"class_list":["post-2652","page","type-page","status-publish","hentry"],"acf":[],"yoast_head":"<!-- This site is optimized with the Yoast SEO plugin v22.0 - https:\/\/yoast.com\/wordpress\/plugins\/seo\/ -->\n<title>Nos contacts - Hotels in Canada<\/title>\n<meta name=\"robots\" content=\"noindex, follow, max-snippet:-1, max-image-preview:large, max-video-preview:-1\" \/>\n<meta property=\"og:locale\" content=\"fr_FR\" \/>\n<meta property=\"og:type\" content=\"article\" \/>\n<meta property=\"og:title\" content=\"Nos contacts - Hotels in Canada\" \/>\n<meta property=\"og:description\" content=\"Comment pouvons-nous t&rsquo;aider ? Apr\u00e8s une journ\u00e9e enti\u00e8re de visites ou de r\u00e9unions d&rsquo;affaires, les clients peuvent se d\u00e9tendre dans un confort supr\u00eame dans les 95 chambres et suites modernes et bien con\u00e7ues de l&rsquo;h\u00f4tel. En plus d&rsquo;une literie moelleuse, chacune des chambres de cet h\u00e9bergement de Riga dispose de superbes \u00e9quipements tels que l&rsquo;acc\u00e8s [&hellip;]\" \/>\n<meta property=\"og:url\" content=\"https:\/\/www.hotelsincanada.eu\/fr\/nos-contacts\/\" \/>\n<meta property=\"og:site_name\" content=\"Hotels in Canada\" \/>\n<meta property=\"article:modified_time\" content=\"2023-09-29T08:27:08+00:00\" \/>\n<meta name=\"twitter:card\" content=\"summary_large_image\" \/>\n<meta name=\"twitter:label1\" content=\"Dur\u00e9e de lecture estim\u00e9e\" \/>\n\t<meta name=\"twitter:data1\" content=\"1 minute\" \/>\n<script type=\"application\/ld+json\" class=\"yoast-schema-graph\">{\"@context\":\"https:\/\/schema.org\",\"@graph\":[{\"@type\":\"WebPage\",\"@id\":\"https:\/\/www.hotelsincanada.eu\/fr\/nos-contacts\/\",\"url\":\"https:\/\/www.hotelsincanada.eu\/fr\/nos-contacts\/\",\"name\":\"Nos contacts - Hotels in Canada\",\"isPartOf\":{\"@id\":\"https:\/\/www.hotelsincanada.eu\/fr\/#website\"},\"datePublished\":\"2023-07-25T03:12:20+00:00\",\"dateModified\":\"2023-09-29T08:27:08+00:00\",\"breadcrumb\":{\"@id\":\"https:\/\/www.hotelsincanada.eu\/fr\/nos-contacts\/#breadcrumb\"},\"inLanguage\":\"fr-FR\",\"potentialAction\":[{\"@type\":\"ReadAction\",\"target\":[\"https:\/\/www.hotelsincanada.eu\/fr\/nos-contacts\/\"]}]},{\"@type\":\"BreadcrumbList\",\"@id\":\"https:\/\/www.hotelsincanada.eu\/fr\/nos-contacts\/#breadcrumb\",\"itemListElement\":[{\"@type\":\"ListItem\",\"position\":1,\"name\":\"Home\",\"item\":\"https:\/\/www.hotelsincanada.eu\/fr\/\"},{\"@type\":\"ListItem\",\"position\":2,\"name\":\"Nos contacts\"}]},{\"@type\":\"WebSite\",\"@id\":\"https:\/\/www.hotelsincanada.eu\/fr\/#website\",\"url\":\"https:\/\/www.hotelsincanada.eu\/fr\/\",\"name\":\"Hotels in Canada\",\"description\":\"Hotels Directory\",\"publisher\":{\"@id\":\"https:\/\/www.hotelsincanada.eu\/fr\/#organization\"},\"potentialAction\":[{\"@type\":\"SearchAction\",\"target\":{\"@type\":\"EntryPoint\",\"urlTemplate\":\"https:\/\/www.hotelsincanada.eu\/fr\/?s={search_term_string}\"},\"query-input\":\"required name=search_term_string\"}],\"inLanguage\":\"fr-FR\"},{\"@type\":\"Organization\",\"@id\":\"https:\/\/www.hotelsincanada.eu\/fr\/#organization\",\"name\":\"Hotels in Canada\",\"url\":\"https:\/\/www.hotelsincanada.eu\/fr\/\",\"logo\":{\"@type\":\"ImageObject\",\"inLanguage\":\"fr-FR\",\"@id\":\"https:\/\/www.hotelsincanada.eu\/fr\/#\/schema\/logo\/image\/\",\"url\":\"https:\/\/hotelsinusa.eu\/wp-content\/uploads\/2023\/12\/Hotels-in-USA.svg\",\"contentUrl\":\"https:\/\/hotelsinusa.eu\/wp-content\/uploads\/2023\/12\/Hotels-in-USA.svg\",\"width\":1,\"height\":1,\"caption\":\"Hotels in Canada\"},\"image\":{\"@id\":\"https:\/\/www.hotelsincanada.eu\/fr\/#\/schema\/logo\/image\/\"}}]}<\/script>\n<!-- \/ Yoast SEO plugin. -->","yoast_head_json":{"title":"Nos contacts - Hotels in Canada","robots":{"index":"noindex","follow":"follow","max-snippet":"max-snippet:-1","max-image-preview":"max-image-preview:large","max-video-preview":"max-video-preview:-1"},"og_locale":"fr_FR","og_type":"article","og_title":"Nos contacts - Hotels in Canada","og_description":"Comment pouvons-nous t&rsquo;aider ? Apr\u00e8s une journ\u00e9e enti\u00e8re de visites ou de r\u00e9unions d&rsquo;affaires, les clients peuvent se d\u00e9tendre dans un confort supr\u00eame dans les 95 chambres et suites modernes et bien con\u00e7ues de l&rsquo;h\u00f4tel. En plus d&rsquo;une literie moelleuse, chacune des chambres de cet h\u00e9bergement de Riga dispose de superbes \u00e9quipements tels que l&rsquo;acc\u00e8s [&hellip;]","og_url":"https:\/\/www.hotelsincanada.eu\/fr\/nos-contacts\/","og_site_name":"Hotels in Canada","article_modified_time":"2023-09-29T08:27:08+00:00","twitter_card":"summary_large_image","twitter_misc":{"Dur\u00e9e de lecture estim\u00e9e":"1 minute"},"schema":{"@context":"https:\/\/schema.org","@graph":[{"@type":"WebPage","@id":"https:\/\/www.hotelsincanada.eu\/fr\/nos-contacts\/","url":"https:\/\/www.hotelsincanada.eu\/fr\/nos-contacts\/","name":"Nos contacts - Hotels in Canada","isPartOf":{"@id":"https:\/\/www.hotelsincanada.eu\/fr\/#website"},"datePublished":"2023-07-25T03:12:20+00:00","dateModified":"2023-09-29T08:27:08+00:00","breadcrumb":{"@id":"https:\/\/www.hotelsincanada.eu\/fr\/nos-contacts\/#breadcrumb"},"inLanguage":"fr-FR","potentialAction":[{"@type":"ReadAction","target":["https:\/\/www.hotelsincanada.eu\/fr\/nos-contacts\/"]}]},{"@type":"BreadcrumbList","@id":"https:\/\/www.hotelsincanada.eu\/fr\/nos-contacts\/#breadcrumb","itemListElement":[{"@type":"ListItem","position":1,"name":"Home","item":"https:\/\/www.hotelsincanada.eu\/fr\/"},{"@type":"ListItem","position":2,"name":"Nos contacts"}]},{"@type":"WebSite","@id":"https:\/\/www.hotelsincanada.eu\/fr\/#website","url":"https:\/\/www.hotelsincanada.eu\/fr\/","name":"Hotels in Canada","description":"Hotels Directory","publisher":{"@id":"https:\/\/www.hotelsincanada.eu\/fr\/#organization"},"potentialAction":[{"@type":"SearchAction","target":{"@type":"EntryPoint","urlTemplate":"https:\/\/www.hotelsincanada.eu\/fr\/?s={search_term_string}"},"query-input":"required name=search_term_string"}],"inLanguage":"fr-FR"},{"@type":"Organization","@id":"https:\/\/www.hotelsincanada.eu\/fr\/#organization","name":"Hotels in Canada","url":"https:\/\/www.hotelsincanada.eu\/fr\/","logo":{"@type":"ImageObject","inLanguage":"fr-FR","@id":"https:\/\/www.hotelsincanada.eu\/fr\/#\/schema\/logo\/image\/","url":"https:\/\/hotelsinusa.eu\/wp-content\/uploads\/2023\/12\/Hotels-in-USA.svg","contentUrl":"https:\/\/hotelsinusa.eu\/wp-content\/uploads\/2023\/12\/Hotels-in-USA.svg","width":1,"height":1,"caption":"Hotels in Canada"},"image":{"@id":"https:\/\/www.hotelsincanada.eu\/fr\/#\/schema\/logo\/image\/"}}]}},"_links":{"self":[{"href":"https:\/\/www.hotelsincanada.eu\/fr\/wp-json\/wp\/v2\/pages\/2652","targetHints":{"allow":["GET"]}}],"collection":[{"href":"https:\/\/www.hotelsincanada.eu\/fr\/wp-json\/wp\/v2\/pages"}],"about":[{"href":"https:\/\/www.hotelsincanada.eu\/fr\/wp-json\/wp\/v2\/types\/page"}],"author":[{"embeddable":true,"href":"https:\/\/www.hotelsincanada.eu\/fr\/wp-json\/wp\/v2\/users\/1"}],"replies":[{"embeddable":true,"href":"https:\/\/www.hotelsincanada.eu\/fr\/wp-json\/wp\/v2\/comments?post=2652"}],"version-history":[{"count":4,"href":"https:\/\/www.hotelsincanada.eu\/fr\/wp-json\/wp\/v2\/pages\/2652\/revisions"}],"predecessor-version":[{"id":2726,"href":"https:\/\/www.hotelsincanada.eu\/fr\/wp-json\/wp\/v2\/pages\/2652\/revisions\/2726"}],"wp:attachment":[{"href":"https:\/\/www.hotelsincanada.eu\/fr\/wp-json\/wp\/v2\/media?parent=2652"}],"curies":[{"name":"wp","href":"https:\/\/api.w.org\/{rel}","templated":true}]}}