{"id":2669,"date":"2023-07-25T06:12:20","date_gmt":"2023-07-25T03:12:20","guid":{"rendered":"https:\/\/hotelsinusa.eu\/publicite\/"},"modified":"2023-11-24T11:53:58","modified_gmt":"2023-11-24T08:53:58","slug":"publicite","status":"publish","type":"page","link":"https:\/\/www.hotelsincanada.eu\/fr\/publicite\/","title":{"rendered":"Publicit\u00e9"},"content":{"rendered":"\n<h2 class=\"wp-block-heading\">Prix des inscriptions \u00e0 l&rsquo;h\u00f4tel en 2023 (si des places sont disponibles) :<\/h2>\n\n\n\n<figure class=\"wp-block-table price-table-gutenberg price-table\"><table class=\"has-fixed-layout\"><thead><tr><th>Plan de base<\/th><th>Plan d&rsquo;argent <small>Tout ce qui est inclus dans le plan de base<\/small><\/th><th>Plan d&rsquo;or <small>Tout ce qui est inclus dans le plan d&rsquo;argent<\/small><\/th><th>Plan Platinum <small>Tout ce qui est inclus dans le plan Gold<\/small><\/th><\/tr><\/thead><tbody><tr><td>Place garantie dans le catalogue  <\/td><td><code>Silver Partner badge<\/code> <img decoding=\"async\" src=\"https:\/\/www.hotelsincanada.eu\/wp-content\/uploads\/2023\/07\/Partner-Silver.svg\"><\/td><td><code>Gold Partner badge<\/code> <img decoding=\"async\" src=\"https:\/\/www.hotelsincanada.eu\/wp-content\/uploads\/2023\/07\/Partner-Gold.svg\"><\/td><td><code>Platinum Partner badge<\/code> <img decoding=\"async\" src=\"https:\/\/www.hotelsincanada.eu\/wp-content\/uploads\/2023\/07\/Partner-Platinium.svg\"><\/td><\/tr><tr><td>Informations sur ton h\u00f4tel<\/td><td>Meilleure position dans le catalogue <small>(au-dessus des h\u00f4tels du plan de base) <\/small> <\/td><td>Meilleures positions dans notre catalogue <small>(au-dessus des h\u00f4tels Silver plan) <\/small> <\/td><td>Meilleure place dans notre catalogue<small> (TOP SPOT au-dessus de tous les autres h\u00f4tels) <\/small><\/td><\/tr><tr><td>Photos de ton h\u00f4tel <small>(jusqu&rsquo;\u00e0 5)<\/small><\/td><td>1 article de blog o\u00f9 ton h\u00f4tel sera mentionn\u00e9<\/td><td>2 articles de blog suppl\u00e9mentaires o\u00f9 ton h\u00f4tel sera mentionn\u00e9.<\/td><td>4 articles de blog suppl\u00e9mentaires o\u00f9 ton h\u00f4tel sera mentionn\u00e9.<\/td><\/tr><tr><td>Informations sur les prix <small>(pour les chambres simples et doubles)<\/small><\/td><td>5 photos suppl\u00e9mentaires<\/td><td>Lien direct vers ton h\u00f4tel dans les articles de blog<\/td><td>3 mois d&#8217;emplacement de banni\u00e8re <small>(c\u00f4t\u00e9 droit) <\/small><\/td><\/tr><tr><td>! Limite d&rsquo;h\u00f4tels 40*<\/td><td>! Limite d&rsquo;h\u00f4tels &#8211; 9*<\/td><td>5 photos suppl\u00e9mentaires<\/td><td>1 vid\u00e9o de ton h\u00f4tel<\/td><\/tr><tr><td colspan=\"2\"><\/td><td>! Limite d&rsquo;h\u00f4tels &#8211; 6*<\/td><td>! Limite d&rsquo;h\u00f4tels &#8211; 1*<\/td><\/tr><tr><td><code>\u20ac 290.00 \/<\/code><sub>ANN\u00c9E<\/sub> <br><a href=\"https:\/\/hotelsinusa.eu\/fr\/formulaire-de-demande\/?plan=basic\">Commander<\/a><\/td><td><code>\u20ac 690.00 \/<\/code><sub>ANN\u00c9E<\/sub> <br><a href=\"https:\/\/hotelsinusa.eu\/fr\/formulaire-de-demande\/?plan=silver\">Commander<\/a><\/td><td><code>\u20ac 1290.00 \/<\/code><sub>ANN\u00c9E  <\/sub><br><a href=\"https:\/\/hotelsinusa.eu\/fr\/formulaire-de-demande\/?plan=gold\">Commander<\/a><\/td><td><code>\u20ac 2500.00 \/<\/code><sub>ANN\u00c9E  <\/sub><br><a href=\"https:\/\/hotelsinusa.eu\/fr\/formulaire-de-demande\/?plan=platinum\">Commander<\/a><\/td><\/tr><\/tbody><\/table><\/figure>\n\n\n\n<p class=\"has-small-font-size\">*Nous avons un nombre limit\u00e9 de places dans notre catalogue ; si elles sont toutes prises, tu devras attendre la p\u00e9riode d&rsquo;abonnement de l&rsquo;ann\u00e9e prochaine. Les prix varient d&rsquo;une ann\u00e9e \u00e0 l&rsquo;autre en fonction de la concurrence que se livrent les h\u00f4tels pour obtenir des places dans notre catalogue. Par exemple, dans le plan Platine, un seul h\u00f4tel peut obtenir cette place, et elle ne changera pas pendant un an ; elle est sp\u00e9cifiquement attribu\u00e9e \u00e0 un abonn\u00e9 exclusif du plan Platine.<\/p>\n","protected":false},"excerpt":{"rendered":"<p>Prix des inscriptions \u00e0 l&rsquo;h\u00f4tel en 2023 (si des places sont disponibles) : Plan de base Plan d&rsquo;argent Tout ce qui est inclus dans le plan de base Plan d&rsquo;or Tout ce qui est inclus dans le plan d&rsquo;argent Plan Platinum Tout ce qui est inclus dans le plan Gold Place garantie dans le catalogue [&hellip;]<\/p>\n","protected":false},"author":1,"featured_media":0,"parent":0,"menu_order":0,"comment_status":"closed","ping_status":"closed","template":"templates\/prices.php","meta":{"_acf_changed":false,"footnotes":""},"class_list":["post-2669","page","type-page","status-publish","hentry"],"acf":[],"yoast_head":"<!-- This site is optimized with the Yoast SEO plugin v22.0 - https:\/\/yoast.com\/wordpress\/plugins\/seo\/ -->\n<title>Publicit\u00e9 - Hotels in Canada<\/title>\n<meta name=\"description\" content=\"H\u00f4tels en Lettonie prix des publicit\u00e9s, prix des banni\u00e8res, et prix des articles de blog ; contacte-nous pour plus d&#039;informations et pour commander nos services.\" \/>\n<meta name=\"robots\" content=\"noindex, follow, max-snippet:-1, max-image-preview:large, max-video-preview:-1\" \/>\n<meta property=\"og:locale\" content=\"fr_FR\" \/>\n<meta property=\"og:type\" content=\"article\" \/>\n<meta property=\"og:title\" content=\"Publicit\u00e9 - Hotels in Canada\" \/>\n<meta property=\"og:description\" content=\"H\u00f4tels en Lettonie prix des publicit\u00e9s, prix des banni\u00e8res, et prix des articles de blog ; contacte-nous pour plus d&#039;informations et pour commander nos services.\" \/>\n<meta property=\"og:url\" content=\"https:\/\/www.hotelsincanada.eu\/fr\/publicite\/\" \/>\n<meta property=\"og:site_name\" content=\"Hotels in Canada\" \/>\n<meta property=\"article:modified_time\" content=\"2023-11-24T08:53:58+00:00\" \/>\n<meta name=\"twitter:card\" content=\"summary_large_image\" \/>\n<meta name=\"twitter:label1\" content=\"Dur\u00e9e de lecture estim\u00e9e\" \/>\n\t<meta name=\"twitter:data1\" content=\"2 minutes\" \/>\n<script type=\"application\/ld+json\" class=\"yoast-schema-graph\">{\"@context\":\"https:\/\/schema.org\",\"@graph\":[{\"@type\":\"WebPage\",\"@id\":\"https:\/\/www.hotelsincanada.eu\/fr\/publicite\/\",\"url\":\"https:\/\/www.hotelsincanada.eu\/fr\/publicite\/\",\"name\":\"Publicit\u00e9 - Hotels in Canada\",\"isPartOf\":{\"@id\":\"https:\/\/www.hotelsincanada.eu\/fr\/#website\"},\"datePublished\":\"2023-07-25T03:12:20+00:00\",\"dateModified\":\"2023-11-24T08:53:58+00:00\",\"description\":\"H\u00f4tels en Lettonie prix des publicit\u00e9s, prix des banni\u00e8res, et prix des articles de blog ; contacte-nous pour plus d'informations et pour commander nos services.\",\"breadcrumb\":{\"@id\":\"https:\/\/www.hotelsincanada.eu\/fr\/publicite\/#breadcrumb\"},\"inLanguage\":\"fr-FR\",\"potentialAction\":[{\"@type\":\"ReadAction\",\"target\":[\"https:\/\/www.hotelsincanada.eu\/fr\/publicite\/\"]}]},{\"@type\":\"BreadcrumbList\",\"@id\":\"https:\/\/www.hotelsincanada.eu\/fr\/publicite\/#breadcrumb\",\"itemListElement\":[{\"@type\":\"ListItem\",\"position\":1,\"name\":\"Home\",\"item\":\"https:\/\/www.hotelsincanada.eu\/fr\/\"},{\"@type\":\"ListItem\",\"position\":2,\"name\":\"Publicit\u00e9\"}]},{\"@type\":\"WebSite\",\"@id\":\"https:\/\/www.hotelsincanada.eu\/fr\/#website\",\"url\":\"https:\/\/www.hotelsincanada.eu\/fr\/\",\"name\":\"Hotels in Canada\",\"description\":\"Hotels Directory\",\"publisher\":{\"@id\":\"https:\/\/www.hotelsincanada.eu\/fr\/#organization\"},\"potentialAction\":[{\"@type\":\"SearchAction\",\"target\":{\"@type\":\"EntryPoint\",\"urlTemplate\":\"https:\/\/www.hotelsincanada.eu\/fr\/?s={search_term_string}\"},\"query-input\":\"required name=search_term_string\"}],\"inLanguage\":\"fr-FR\"},{\"@type\":\"Organization\",\"@id\":\"https:\/\/www.hotelsincanada.eu\/fr\/#organization\",\"name\":\"Hotels in Canada\",\"url\":\"https:\/\/www.hotelsincanada.eu\/fr\/\",\"logo\":{\"@type\":\"ImageObject\",\"inLanguage\":\"fr-FR\",\"@id\":\"https:\/\/www.hotelsincanada.eu\/fr\/#\/schema\/logo\/image\/\",\"url\":\"https:\/\/hotelsinusa.eu\/wp-content\/uploads\/2023\/12\/Hotels-in-USA.svg\",\"contentUrl\":\"https:\/\/hotelsinusa.eu\/wp-content\/uploads\/2023\/12\/Hotels-in-USA.svg\",\"width\":1,\"height\":1,\"caption\":\"Hotels in Canada\"},\"image\":{\"@id\":\"https:\/\/www.hotelsincanada.eu\/fr\/#\/schema\/logo\/image\/\"}}]}<\/script>\n<!-- \/ Yoast SEO plugin. -->","yoast_head_json":{"title":"Publicit\u00e9 - Hotels in Canada","description":"H\u00f4tels en Lettonie prix des publicit\u00e9s, prix des banni\u00e8res, et prix des articles de blog ; contacte-nous pour plus d'informations et pour commander nos services.","robots":{"index":"noindex","follow":"follow","max-snippet":"max-snippet:-1","max-image-preview":"max-image-preview:large","max-video-preview":"max-video-preview:-1"},"og_locale":"fr_FR","og_type":"article","og_title":"Publicit\u00e9 - Hotels in Canada","og_description":"H\u00f4tels en Lettonie prix des publicit\u00e9s, prix des banni\u00e8res, et prix des articles de blog ; contacte-nous pour plus d'informations et pour commander nos services.","og_url":"https:\/\/www.hotelsincanada.eu\/fr\/publicite\/","og_site_name":"Hotels in Canada","article_modified_time":"2023-11-24T08:53:58+00:00","twitter_card":"summary_large_image","twitter_misc":{"Dur\u00e9e de lecture estim\u00e9e":"2 minutes"},"schema":{"@context":"https:\/\/schema.org","@graph":[{"@type":"WebPage","@id":"https:\/\/www.hotelsincanada.eu\/fr\/publicite\/","url":"https:\/\/www.hotelsincanada.eu\/fr\/publicite\/","name":"Publicit\u00e9 - Hotels in Canada","isPartOf":{"@id":"https:\/\/www.hotelsincanada.eu\/fr\/#website"},"datePublished":"2023-07-25T03:12:20+00:00","dateModified":"2023-11-24T08:53:58+00:00","description":"H\u00f4tels en Lettonie prix des publicit\u00e9s, prix des banni\u00e8res, et prix des articles de blog ; contacte-nous pour plus d'informations et pour commander nos services.","breadcrumb":{"@id":"https:\/\/www.hotelsincanada.eu\/fr\/publicite\/#breadcrumb"},"inLanguage":"fr-FR","potentialAction":[{"@type":"ReadAction","target":["https:\/\/www.hotelsincanada.eu\/fr\/publicite\/"]}]},{"@type":"BreadcrumbList","@id":"https:\/\/www.hotelsincanada.eu\/fr\/publicite\/#breadcrumb","itemListElement":[{"@type":"ListItem","position":1,"name":"Home","item":"https:\/\/www.hotelsincanada.eu\/fr\/"},{"@type":"ListItem","position":2,"name":"Publicit\u00e9"}]},{"@type":"WebSite","@id":"https:\/\/www.hotelsincanada.eu\/fr\/#website","url":"https:\/\/www.hotelsincanada.eu\/fr\/","name":"Hotels in Canada","description":"Hotels Directory","publisher":{"@id":"https:\/\/www.hotelsincanada.eu\/fr\/#organization"},"potentialAction":[{"@type":"SearchAction","target":{"@type":"EntryPoint","urlTemplate":"https:\/\/www.hotelsincanada.eu\/fr\/?s={search_term_string}"},"query-input":"required name=search_term_string"}],"inLanguage":"fr-FR"},{"@type":"Organization","@id":"https:\/\/www.hotelsincanada.eu\/fr\/#organization","name":"Hotels in Canada","url":"https:\/\/www.hotelsincanada.eu\/fr\/","logo":{"@type":"ImageObject","inLanguage":"fr-FR","@id":"https:\/\/www.hotelsincanada.eu\/fr\/#\/schema\/logo\/image\/","url":"https:\/\/hotelsinusa.eu\/wp-content\/uploads\/2023\/12\/Hotels-in-USA.svg","contentUrl":"https:\/\/hotelsinusa.eu\/wp-content\/uploads\/2023\/12\/Hotels-in-USA.svg","width":1,"height":1,"caption":"Hotels in Canada"},"image":{"@id":"https:\/\/www.hotelsincanada.eu\/fr\/#\/schema\/logo\/image\/"}}]}},"_links":{"self":[{"href":"https:\/\/www.hotelsincanada.eu\/fr\/wp-json\/wp\/v2\/pages\/2669","targetHints":{"allow":["GET"]}}],"collection":[{"href":"https:\/\/www.hotelsincanada.eu\/fr\/wp-json\/wp\/v2\/pages"}],"about":[{"href":"https:\/\/www.hotelsincanada.eu\/fr\/wp-json\/wp\/v2\/types\/page"}],"author":[{"embeddable":true,"href":"https:\/\/www.hotelsincanada.eu\/fr\/wp-json\/wp\/v2\/users\/1"}],"replies":[{"embeddable":true,"href":"https:\/\/www.hotelsincanada.eu\/fr\/wp-json\/wp\/v2\/comments?post=2669"}],"version-history":[{"count":6,"href":"https:\/\/www.hotelsincanada.eu\/fr\/wp-json\/wp\/v2\/pages\/2669\/revisions"}],"predecessor-version":[{"id":3106,"href":"https:\/\/www.hotelsincanada.eu\/fr\/wp-json\/wp\/v2\/pages\/2669\/revisions\/3106"}],"wp:attachment":[{"href":"https:\/\/www.hotelsincanada.eu\/fr\/wp-json\/wp\/v2\/media?parent=2669"}],"curies":[{"name":"wp","href":"https:\/\/api.w.org\/{rel}","templated":true}]}}