{"id":2637,"date":"2023-07-25T06:12:20","date_gmt":"2023-07-25T03:12:20","guid":{"rendered":"https:\/\/hotelsinusa.eu\/skelbimas\/"},"modified":"2023-11-24T12:08:46","modified_gmt":"2023-11-24T09:08:46","slug":"skelbimas","status":"publish","type":"page","link":"https:\/\/www.hotelsincanada.eu\/lt\/skelbimas\/","title":{"rendered":"Skelbimas"},"content":{"rendered":"\n<h2 class=\"wp-block-heading\">2023 m. vie\u0161bu\u010di\u0173 s\u0105ra\u0161\u0173 kainos (jei yra laisv\u0173 viet\u0173):<\/h2>\n\n\n\n<figure class=\"wp-block-table price-table-gutenberg price-table\"><table class=\"has-fixed-layout\"><thead><tr><th>Pagrindinis planas<\/th><th>Sidabrinis planas <small>Viskas, kas \u012ftraukta \u012f pagrindin\u012f plan\u0105<\/small><\/th><th>Auksinis planas <small>Viskas, kas \u012ftraukta \u012f Sidabrin\u012f plan\u0105<\/small><\/th><th>Platininis planas <small>Viskas, kas \u012ftraukta \u012f Auksin\u012f plan\u0105<\/small><\/th><\/tr><\/thead><tbody><tr><td>Garantuota vieta kataloge  <\/td><td><code>Silver Partner badge<\/code> <img decoding=\"async\" src=\"https:\/\/www.hotelsincanada.eu\/wp-content\/uploads\/2023\/07\/Partner-Silver.svg\"><\/td><td><code>Gold Partner badge<\/code> <img decoding=\"async\" src=\"https:\/\/www.hotelsincanada.eu\/wp-content\/uploads\/2023\/07\/Partner-Gold.svg\"><\/td><td><code>Platinum Partner badge<\/code> <img decoding=\"async\" src=\"https:\/\/www.hotelsincanada.eu\/wp-content\/uploads\/2023\/07\/Partner-Platinium.svg\"><\/td><\/tr><tr><td>Informacija apie vie\u0161but\u012f<\/td><td>Auk\u0161tesn\u0117 vieta kataloge <small>(auk\u0161\u010diau u\u017e pagrindinio plano vie\u0161bu\u010dius)<\/small>  <\/td><td>Geriausios pozicijos m\u016bs\u0173 kataloge <small>(auk\u0161\u010diau Silver plano vie\u0161bu\u010di\u0173) <\/small>  <\/td><td>Geriausia vieta m\u016bs\u0173 kataloge<small> (TOP vieta vir\u0161 vis\u0173 kit\u0173 vie\u0161bu\u010di\u0173)<\/small>  <\/td><\/tr><tr><td>J\u016bs\u0173 vie\u0161bu\u010dio nuotraukos <small>(iki 5)<\/small><\/td><td>1 tinklara\u0161\u010dio \u012fra\u0161as, kuriame bus pamin\u0117tas j\u016bs\u0173 vie\u0161butis<\/td><td>2 papildomi tinklara\u0161\u010dio \u012fra\u0161ai, kuriuose bus pamin\u0117tas j\u016bs\u0173 vie\u0161butis<\/td><td>4 papildomi tinklara\u0161\u010dio \u012fra\u0161ai, kuriuose bus pamin\u0117tas j\u016bs\u0173 vie\u0161butis<\/td><\/tr><tr><td>Informacija apie kainas <small>(vienvie\u010di\u0173 ir dvivie\u010di\u0173 kambari\u0173)<\/small><\/td><td>Papildomos 5 nuotraukos<\/td><td>Tiesiogin\u0117 nuoroda \u012f j\u016bs\u0173 vie\u0161but\u012f tinklara\u0161\u010dio \u012fra\u0161uose<\/td><td>3 m\u0117nesi\u0173 reklaminio skydelio vieta <small>(de\u0161in\u0117je pus\u0117je)<\/small>  <\/td><\/tr><tr><td>! Vie\u0161bu\u010di\u0173 limitas 40*<\/td><td>! Vie\u0161bu\u010di\u0173 limitas &#8211; 9*<\/td><td>Papildomos 5 nuotraukos<\/td><td>1 vie\u0161bu\u010dio vaizdo \u012fra\u0161as<\/td><\/tr><tr><td colspan=\"2\"><\/td><td>! Vie\u0161bu\u010di\u0173 limitas &#8211; 6*<\/td><td>! Vie\u0161bu\u010di\u0173 limitas &#8211; 1*<\/td><\/tr><tr><td><code>\u20ac 290.00 \/<\/code><sub>METAI<\/sub> <br><a href=\"https:\/\/hotelsinusa.eu\/lt\/paraiskos-forma\/?plan=basic\">U\u017esisakykite dabar<\/a><\/td><td><code>\u20ac 690.00 \/<\/code><sub>METAI<\/sub> <br><a href=\"https:\/\/hotelsinusa.eu\/lt\/paraiskos-forma\/?plan=silver\">U\u017esisakykite dabar<\/a><\/td><td><code>\u20ac 1290.00 \/<\/code><sub>METAI  <\/sub><br><a href=\"https:\/\/hotelsinusa.eu\/lt\/paraiskos-forma\/?plan=gold\">U\u017esisakykite dabar<\/a><\/td><td><code>\u20ac 2500.00 \/<\/code><sub>METAI  <\/sub><br><a href=\"https:\/\/hotelsinusa.eu\/lt\/paraiskos-forma\/?plan=platinum\">U\u017esisakykite dabar<\/a><\/td><\/tr><\/tbody><\/table><\/figure>\n\n\n\n<p class=\"has-small-font-size\">*M\u016bs\u0173 kataloge yra ribotas viet\u0173 skai\u010dius; jei visos vietos bus u\u017eimtos, teks laukti kit\u0173 met\u0173 prenumeratos laikotarpio. Kainos kiekvienais metais skirsis priklausomai nuo to, kaip vie\u0161bu\u010diai konkuruoja d\u0117l viet\u0173 m\u016bs\u0173 kataloge. Pavyzd\u017eiui, pagal Platinin\u012f plan\u0105 \u0161i\u0105 viet\u0105 gali gauti tik vienas vie\u0161butis, ir ji nesikeis visus metus; ji specialiai priskirta vienam i\u0161skirtiniam Platininio plano abonentui.<\/p>\n","protected":false},"excerpt":{"rendered":"<p>2023 m. vie\u0161bu\u010di\u0173 s\u0105ra\u0161\u0173 kainos (jei yra laisv\u0173 viet\u0173): Pagrindinis planas Sidabrinis planas Viskas, kas \u012ftraukta \u012f pagrindin\u012f plan\u0105 Auksinis planas Viskas, kas \u012ftraukta \u012f Sidabrin\u012f plan\u0105 Platininis planas Viskas, kas \u012ftraukta \u012f Auksin\u012f plan\u0105 Garantuota vieta kataloge Silver Partner badge Gold Partner badge Platinum Partner badge Informacija apie vie\u0161but\u012f Auk\u0161tesn\u0117 vieta kataloge (auk\u0161\u010diau u\u017e [&hellip;]<\/p>\n","protected":false},"author":1,"featured_media":0,"parent":0,"menu_order":0,"comment_status":"closed","ping_status":"closed","template":"templates\/prices.php","meta":{"_acf_changed":false,"footnotes":""},"class_list":["post-2637","page","type-page","status-publish","hentry"],"acf":[],"yoast_head":"<!-- This site is optimized with the Yoast SEO plugin v22.0 - https:\/\/yoast.com\/wordpress\/plugins\/seo\/ -->\n<title>Skelbimas - Hotels in Canada<\/title>\n<meta name=\"description\" content=\"Vie\u0161bu\u010di\u0173 Latvijoje reklamos, reklamini\u0173 skydeli\u0173 ir tinklara\u0161\u010dio \u012fra\u0161\u0173 kainos; susisiekite su mumis d\u0117l daugiau informacijos ir u\u017esakykite m\u016bs\u0173 paslaugas.\" \/>\n<meta name=\"robots\" content=\"noindex, follow, max-snippet:-1, max-image-preview:large, max-video-preview:-1\" \/>\n<meta property=\"og:locale\" content=\"lt_LT\" \/>\n<meta property=\"og:type\" content=\"article\" \/>\n<meta property=\"og:title\" content=\"Skelbimas - Hotels in Canada\" \/>\n<meta property=\"og:description\" content=\"Vie\u0161bu\u010di\u0173 Latvijoje reklamos, reklamini\u0173 skydeli\u0173 ir tinklara\u0161\u010dio \u012fra\u0161\u0173 kainos; susisiekite su mumis d\u0117l daugiau informacijos ir u\u017esakykite m\u016bs\u0173 paslaugas.\" \/>\n<meta property=\"og:url\" content=\"https:\/\/www.hotelsincanada.eu\/lt\/skelbimas\/\" \/>\n<meta property=\"og:site_name\" content=\"Hotels in Canada\" \/>\n<meta property=\"article:modified_time\" content=\"2023-11-24T09:08:46+00:00\" \/>\n<meta name=\"twitter:card\" content=\"summary_large_image\" \/>\n<meta name=\"twitter:label1\" content=\"Est. reading time\" \/>\n\t<meta name=\"twitter:data1\" content=\"1 minut\u0117\" \/>\n<script type=\"application\/ld+json\" class=\"yoast-schema-graph\">{\"@context\":\"https:\/\/schema.org\",\"@graph\":[{\"@type\":\"WebPage\",\"@id\":\"https:\/\/www.hotelsincanada.eu\/lt\/skelbimas\/\",\"url\":\"https:\/\/www.hotelsincanada.eu\/lt\/skelbimas\/\",\"name\":\"Skelbimas - Hotels in Canada\",\"isPartOf\":{\"@id\":\"https:\/\/www.hotelsincanada.eu\/lt\/#website\"},\"datePublished\":\"2023-07-25T03:12:20+00:00\",\"dateModified\":\"2023-11-24T09:08:46+00:00\",\"description\":\"Vie\u0161bu\u010di\u0173 Latvijoje reklamos, reklamini\u0173 skydeli\u0173 ir tinklara\u0161\u010dio \u012fra\u0161\u0173 kainos; susisiekite su mumis d\u0117l daugiau informacijos ir u\u017esakykite m\u016bs\u0173 paslaugas.\",\"breadcrumb\":{\"@id\":\"https:\/\/www.hotelsincanada.eu\/lt\/skelbimas\/#breadcrumb\"},\"inLanguage\":\"lt-LT\",\"potentialAction\":[{\"@type\":\"ReadAction\",\"target\":[\"https:\/\/www.hotelsincanada.eu\/lt\/skelbimas\/\"]}]},{\"@type\":\"BreadcrumbList\",\"@id\":\"https:\/\/www.hotelsincanada.eu\/lt\/skelbimas\/#breadcrumb\",\"itemListElement\":[{\"@type\":\"ListItem\",\"position\":1,\"name\":\"Home\",\"item\":\"https:\/\/www.hotelsincanada.eu\/lt\/\"},{\"@type\":\"ListItem\",\"position\":2,\"name\":\"Skelbimas\"}]},{\"@type\":\"WebSite\",\"@id\":\"https:\/\/www.hotelsincanada.eu\/lt\/#website\",\"url\":\"https:\/\/www.hotelsincanada.eu\/lt\/\",\"name\":\"Hotels in Canada\",\"description\":\"Hotels Directory\",\"publisher\":{\"@id\":\"https:\/\/www.hotelsincanada.eu\/lt\/#organization\"},\"potentialAction\":[{\"@type\":\"SearchAction\",\"target\":{\"@type\":\"EntryPoint\",\"urlTemplate\":\"https:\/\/www.hotelsincanada.eu\/lt\/?s={search_term_string}\"},\"query-input\":\"required name=search_term_string\"}],\"inLanguage\":\"lt-LT\"},{\"@type\":\"Organization\",\"@id\":\"https:\/\/www.hotelsincanada.eu\/lt\/#organization\",\"name\":\"Hotels in Canada\",\"url\":\"https:\/\/www.hotelsincanada.eu\/lt\/\",\"logo\":{\"@type\":\"ImageObject\",\"inLanguage\":\"lt-LT\",\"@id\":\"https:\/\/www.hotelsincanada.eu\/lt\/#\/schema\/logo\/image\/\",\"url\":\"https:\/\/hotelsinusa.eu\/wp-content\/uploads\/2023\/12\/Hotels-in-USA.svg\",\"contentUrl\":\"https:\/\/hotelsinusa.eu\/wp-content\/uploads\/2023\/12\/Hotels-in-USA.svg\",\"width\":1,\"height\":1,\"caption\":\"Hotels in Canada\"},\"image\":{\"@id\":\"https:\/\/www.hotelsincanada.eu\/lt\/#\/schema\/logo\/image\/\"}}]}<\/script>\n<!-- \/ Yoast SEO plugin. -->","yoast_head_json":{"title":"Skelbimas - Hotels in Canada","description":"Vie\u0161bu\u010di\u0173 Latvijoje reklamos, reklamini\u0173 skydeli\u0173 ir tinklara\u0161\u010dio \u012fra\u0161\u0173 kainos; susisiekite su mumis d\u0117l daugiau informacijos ir u\u017esakykite m\u016bs\u0173 paslaugas.","robots":{"index":"noindex","follow":"follow","max-snippet":"max-snippet:-1","max-image-preview":"max-image-preview:large","max-video-preview":"max-video-preview:-1"},"og_locale":"lt_LT","og_type":"article","og_title":"Skelbimas - Hotels in Canada","og_description":"Vie\u0161bu\u010di\u0173 Latvijoje reklamos, reklamini\u0173 skydeli\u0173 ir tinklara\u0161\u010dio \u012fra\u0161\u0173 kainos; susisiekite su mumis d\u0117l daugiau informacijos ir u\u017esakykite m\u016bs\u0173 paslaugas.","og_url":"https:\/\/www.hotelsincanada.eu\/lt\/skelbimas\/","og_site_name":"Hotels in Canada","article_modified_time":"2023-11-24T09:08:46+00:00","twitter_card":"summary_large_image","twitter_misc":{"Est. reading time":"1 minut\u0117"},"schema":{"@context":"https:\/\/schema.org","@graph":[{"@type":"WebPage","@id":"https:\/\/www.hotelsincanada.eu\/lt\/skelbimas\/","url":"https:\/\/www.hotelsincanada.eu\/lt\/skelbimas\/","name":"Skelbimas - Hotels in Canada","isPartOf":{"@id":"https:\/\/www.hotelsincanada.eu\/lt\/#website"},"datePublished":"2023-07-25T03:12:20+00:00","dateModified":"2023-11-24T09:08:46+00:00","description":"Vie\u0161bu\u010di\u0173 Latvijoje reklamos, reklamini\u0173 skydeli\u0173 ir tinklara\u0161\u010dio \u012fra\u0161\u0173 kainos; susisiekite su mumis d\u0117l daugiau informacijos ir u\u017esakykite m\u016bs\u0173 paslaugas.","breadcrumb":{"@id":"https:\/\/www.hotelsincanada.eu\/lt\/skelbimas\/#breadcrumb"},"inLanguage":"lt-LT","potentialAction":[{"@type":"ReadAction","target":["https:\/\/www.hotelsincanada.eu\/lt\/skelbimas\/"]}]},{"@type":"BreadcrumbList","@id":"https:\/\/www.hotelsincanada.eu\/lt\/skelbimas\/#breadcrumb","itemListElement":[{"@type":"ListItem","position":1,"name":"Home","item":"https:\/\/www.hotelsincanada.eu\/lt\/"},{"@type":"ListItem","position":2,"name":"Skelbimas"}]},{"@type":"WebSite","@id":"https:\/\/www.hotelsincanada.eu\/lt\/#website","url":"https:\/\/www.hotelsincanada.eu\/lt\/","name":"Hotels in Canada","description":"Hotels Directory","publisher":{"@id":"https:\/\/www.hotelsincanada.eu\/lt\/#organization"},"potentialAction":[{"@type":"SearchAction","target":{"@type":"EntryPoint","urlTemplate":"https:\/\/www.hotelsincanada.eu\/lt\/?s={search_term_string}"},"query-input":"required name=search_term_string"}],"inLanguage":"lt-LT"},{"@type":"Organization","@id":"https:\/\/www.hotelsincanada.eu\/lt\/#organization","name":"Hotels in Canada","url":"https:\/\/www.hotelsincanada.eu\/lt\/","logo":{"@type":"ImageObject","inLanguage":"lt-LT","@id":"https:\/\/www.hotelsincanada.eu\/lt\/#\/schema\/logo\/image\/","url":"https:\/\/hotelsinusa.eu\/wp-content\/uploads\/2023\/12\/Hotels-in-USA.svg","contentUrl":"https:\/\/hotelsinusa.eu\/wp-content\/uploads\/2023\/12\/Hotels-in-USA.svg","width":1,"height":1,"caption":"Hotels in Canada"},"image":{"@id":"https:\/\/www.hotelsincanada.eu\/lt\/#\/schema\/logo\/image\/"}}]}},"_links":{"self":[{"href":"https:\/\/www.hotelsincanada.eu\/lt\/wp-json\/wp\/v2\/pages\/2637","targetHints":{"allow":["GET"]}}],"collection":[{"href":"https:\/\/www.hotelsincanada.eu\/lt\/wp-json\/wp\/v2\/pages"}],"about":[{"href":"https:\/\/www.hotelsincanada.eu\/lt\/wp-json\/wp\/v2\/types\/page"}],"author":[{"embeddable":true,"href":"https:\/\/www.hotelsincanada.eu\/lt\/wp-json\/wp\/v2\/users\/1"}],"replies":[{"embeddable":true,"href":"https:\/\/www.hotelsincanada.eu\/lt\/wp-json\/wp\/v2\/comments?post=2637"}],"version-history":[{"count":6,"href":"https:\/\/www.hotelsincanada.eu\/lt\/wp-json\/wp\/v2\/pages\/2637\/revisions"}],"predecessor-version":[{"id":3114,"href":"https:\/\/www.hotelsincanada.eu\/lt\/wp-json\/wp\/v2\/pages\/2637\/revisions\/3114"}],"wp:attachment":[{"href":"https:\/\/www.hotelsincanada.eu\/lt\/wp-json\/wp\/v2\/media?parent=2637"}],"curies":[{"name":"wp","href":"https:\/\/api.w.org\/{rel}","templated":true}]}}