{"id":2647,"date":"2023-07-25T06:12:20","date_gmt":"2023-07-25T03:12:20","guid":{"rendered":"https:\/\/hotelsinusa.eu\/reklama\/"},"modified":"2023-11-24T12:01:37","modified_gmt":"2023-11-24T09:01:37","slug":"reklama","status":"publish","type":"page","link":"https:\/\/www.hotelsincanada.eu\/pl\/reklama\/","title":{"rendered":"Reklama"},"content":{"rendered":"\n<h2 class=\"wp-block-heading\">Ceny ofert hotelowych w 2023 r. (w miar\u0119 dost\u0119pno\u015bci miejsc):<\/h2>\n\n\n\n<figure class=\"wp-block-table price-table-gutenberg price-table\"><table class=\"has-fixed-layout\"><thead><tr><th>Plan podstawowy<\/th><th>Plan Silver <small>Wszystko zawarte w planie<\/small> podstawowym<\/th><th>Plan Gold <small>Wszystko zawarte w planie Silver<\/small><\/th><th>Plan Platynowy <small>Wszystko zawarte w Planie Z\u0142otym<\/small><\/th><\/tr><\/thead><tbody><tr><td>Gwarantowane miejsce w katalogu  <\/td><td><code>Silver Partner badge<\/code> <img decoding=\"async\" src=\"https:\/\/www.hotelsincanada.eu\/wp-content\/uploads\/2023\/07\/Partner-Silver.svg\"><\/td><td><code>Gold Partner badge<\/code> <img decoding=\"async\" src=\"https:\/\/www.hotelsincanada.eu\/wp-content\/uploads\/2023\/07\/Partner-Gold.svg\"><\/td><td><code>Platinum Partner badge<\/code> <img decoding=\"async\" src=\"https:\/\/www.hotelsincanada.eu\/wp-content\/uploads\/2023\/07\/Partner-Platinium.svg\"><\/td><\/tr><tr><td>Informacje o Twoim hotelu<\/td><td>Wy\u017csza pozycja w katalogu <small>(powy\u017cej hoteli z planem podstawowym) <\/small> <\/td><td>Najlepsze pozycje w naszym katalogu <small>(powy\u017cej hoteli Silver Plan) <\/small> <\/td><td>Najlepsze miejsce w naszym katalogu<small> (TOP SPOT powy\u017cej wszystkich innych hoteli) <\/small> <\/td><\/tr><tr><td>Zdj\u0119cia Twojego hotelu <small>(do 5)<\/small><\/td><td>1 wpis na blogu, w kt\u00f3rym wspomniany zostanie Tw\u00f3j hotel<\/td><td>2 dodatkowe wpisy na blogu, w kt\u00f3rych wspomniany zostanie Tw\u00f3j hotel<\/td><td>4 dodatkowe wpisy na blogu, w kt\u00f3rych wspomniany zostanie Tw\u00f3j hotel<\/td><\/tr><tr><td>Informacje o cenie <small>(dla pokoi jedno- i dwuosobowych)<\/small><\/td><td>Dodatkowe 5 zdj\u0119\u0107<\/td><td>Bezpo\u015bredni link do Twojego hotelu w postach na blogu<\/td><td>3-miesi\u0119czne miejsce na baner <small>(prawa strona) <\/small> <\/td><\/tr><tr><td>! Limit hoteli 40*<\/td><td>! Limit hoteli &#8211; 9*<\/td><td>Dodatkowe 5 zdj\u0119\u0107<\/td><td>1 film przedstawiaj\u0105cy Tw\u00f3j hotel<\/td><\/tr><tr><td colspan=\"2\"><\/td><td>! Limit hoteli &#8211; 6*<\/td><td>! Limit hoteli &#8211; 1*<\/td><\/tr><tr><td><code>\u20ac 290.00 \/<\/code><sub>ROK<\/sub> <br><a href=\"https:\/\/hotelsinusa.eu\/pl\/formularz-zgloszeniowy\/?plan=basic\">Zam\u00f3w teraz<\/a><\/td><td><code>\u20ac 690.00 \/<\/code><sub>ROK<\/sub> <br><a href=\"https:\/\/hotelsinusa.eu\/pl\/formularz-zgloszeniowy\/?plan=silver\">Zam\u00f3w teraz<\/a><\/td><td><code>\u20ac 1290.00 \/<\/code><sub>ROK  <\/sub><br><a href=\"https:\/\/hotelsinusa.eu\/pl\/formularz-zgloszeniowy\/?plan=gold\">Zam\u00f3w teraz<\/a><\/td><td><code>\u20ac 2500.00 \/<\/code><sub>ROK  <\/sub><br><a href=\"https:\/\/hotelsinusa.eu\/pl\/formularz-zgloszeniowy\/?plan=platinum\">Zam\u00f3w teraz<\/a><\/td><\/tr><\/tbody><\/table><\/figure>\n\n\n\n<p class=\"has-small-font-size\">*Mamy ograniczon\u0105 liczb\u0119 miejsc w naszym katalogu; je\u015bli wszystkie zostan\u0105 zaj\u0119te, b\u0119dziesz musia\u0142 poczeka\u0107 do przysz\u0142orocznego okresu subskrypcji. Ceny b\u0119d\u0105 si\u0119 zmienia\u0107 z roku na rok w zale\u017cno\u015bci od tego, jak hotele b\u0119d\u0105 konkurowa\u0107 o miejsca w naszym katalogu. Na przyk\u0142ad w Planie Platynowym tylko jeden hotel mo\u017ce otrzyma\u0107 to miejsce i nie zmieni si\u0119 ono przez rok; jest ono specjalnie przypisane do jednego wy\u0142\u0105cznego subskrybenta Platynowego Planu.<\/p>\n","protected":false},"excerpt":{"rendered":"<p>Ceny ofert hotelowych w 2023 r. (w miar\u0119 dost\u0119pno\u015bci miejsc): Plan podstawowy Plan Silver Wszystko zawarte w planie podstawowym Plan Gold Wszystko zawarte w planie Silver Plan Platynowy Wszystko zawarte w Planie Z\u0142otym Gwarantowane miejsce w katalogu Silver Partner badge Gold Partner badge Platinum Partner badge Informacje o Twoim hotelu Wy\u017csza pozycja w katalogu (powy\u017cej [&hellip;]<\/p>\n","protected":false},"author":1,"featured_media":0,"parent":0,"menu_order":0,"comment_status":"closed","ping_status":"closed","template":"templates\/prices.php","meta":{"_acf_changed":false,"footnotes":""},"class_list":["post-2647","page","type-page","status-publish","hentry"],"acf":[],"yoast_head":"<!-- This site is optimized with the Yoast SEO plugin v22.0 - https:\/\/yoast.com\/wordpress\/plugins\/seo\/ -->\n<title>Reklama - Hotels in Canada<\/title>\n<meta name=\"description\" content=\"Hotele na \u0141otwie ceny reklam, ceny baner\u00f3w i ceny wpis\u00f3w na blogu; skontaktuj si\u0119 z nami, aby uzyska\u0107 wi\u0119cej informacji i zam\u00f3wi\u0107 nasze us\u0142ugi.\" \/>\n<meta name=\"robots\" content=\"noindex, follow, max-snippet:-1, max-image-preview:large, max-video-preview:-1\" \/>\n<meta property=\"og:locale\" content=\"pl_PL\" \/>\n<meta property=\"og:type\" content=\"article\" \/>\n<meta property=\"og:title\" content=\"Reklama - Hotels in Canada\" \/>\n<meta property=\"og:description\" content=\"Hotele na \u0141otwie ceny reklam, ceny baner\u00f3w i ceny wpis\u00f3w na blogu; skontaktuj si\u0119 z nami, aby uzyska\u0107 wi\u0119cej informacji i zam\u00f3wi\u0107 nasze us\u0142ugi.\" \/>\n<meta property=\"og:url\" content=\"https:\/\/www.hotelsincanada.eu\/pl\/reklama\/\" \/>\n<meta property=\"og:site_name\" content=\"Hotels in Canada\" \/>\n<meta property=\"article:modified_time\" content=\"2023-11-24T09:01:37+00:00\" \/>\n<meta name=\"twitter:card\" content=\"summary_large_image\" \/>\n<meta name=\"twitter:label1\" content=\"Szacowany czas czytania\" \/>\n\t<meta name=\"twitter:data1\" content=\"2 minuty\" \/>\n<script type=\"application\/ld+json\" class=\"yoast-schema-graph\">{\"@context\":\"https:\/\/schema.org\",\"@graph\":[{\"@type\":\"WebPage\",\"@id\":\"https:\/\/www.hotelsincanada.eu\/pl\/reklama\/\",\"url\":\"https:\/\/www.hotelsincanada.eu\/pl\/reklama\/\",\"name\":\"Reklama - Hotels in Canada\",\"isPartOf\":{\"@id\":\"https:\/\/www.hotelsincanada.eu\/pl\/#website\"},\"datePublished\":\"2023-07-25T03:12:20+00:00\",\"dateModified\":\"2023-11-24T09:01:37+00:00\",\"description\":\"Hotele na \u0141otwie ceny reklam, ceny baner\u00f3w i ceny wpis\u00f3w na blogu; skontaktuj si\u0119 z nami, aby uzyska\u0107 wi\u0119cej informacji i zam\u00f3wi\u0107 nasze us\u0142ugi.\",\"breadcrumb\":{\"@id\":\"https:\/\/www.hotelsincanada.eu\/pl\/reklama\/#breadcrumb\"},\"inLanguage\":\"pl-PL\",\"potentialAction\":[{\"@type\":\"ReadAction\",\"target\":[\"https:\/\/www.hotelsincanada.eu\/pl\/reklama\/\"]}]},{\"@type\":\"BreadcrumbList\",\"@id\":\"https:\/\/www.hotelsincanada.eu\/pl\/reklama\/#breadcrumb\",\"itemListElement\":[{\"@type\":\"ListItem\",\"position\":1,\"name\":\"Home\",\"item\":\"https:\/\/www.hotelsincanada.eu\/pl\/\"},{\"@type\":\"ListItem\",\"position\":2,\"name\":\"Reklama\"}]},{\"@type\":\"WebSite\",\"@id\":\"https:\/\/www.hotelsincanada.eu\/pl\/#website\",\"url\":\"https:\/\/www.hotelsincanada.eu\/pl\/\",\"name\":\"Hotels in Canada\",\"description\":\"Hotels Directory\",\"publisher\":{\"@id\":\"https:\/\/www.hotelsincanada.eu\/pl\/#organization\"},\"potentialAction\":[{\"@type\":\"SearchAction\",\"target\":{\"@type\":\"EntryPoint\",\"urlTemplate\":\"https:\/\/www.hotelsincanada.eu\/pl\/?s={search_term_string}\"},\"query-input\":\"required name=search_term_string\"}],\"inLanguage\":\"pl-PL\"},{\"@type\":\"Organization\",\"@id\":\"https:\/\/www.hotelsincanada.eu\/pl\/#organization\",\"name\":\"Hotels in Canada\",\"url\":\"https:\/\/www.hotelsincanada.eu\/pl\/\",\"logo\":{\"@type\":\"ImageObject\",\"inLanguage\":\"pl-PL\",\"@id\":\"https:\/\/www.hotelsincanada.eu\/pl\/#\/schema\/logo\/image\/\",\"url\":\"https:\/\/hotelsinusa.eu\/wp-content\/uploads\/2023\/12\/Hotels-in-USA.svg\",\"contentUrl\":\"https:\/\/hotelsinusa.eu\/wp-content\/uploads\/2023\/12\/Hotels-in-USA.svg\",\"width\":1,\"height\":1,\"caption\":\"Hotels in Canada\"},\"image\":{\"@id\":\"https:\/\/www.hotelsincanada.eu\/pl\/#\/schema\/logo\/image\/\"}}]}<\/script>\n<!-- \/ Yoast SEO plugin. -->","yoast_head_json":{"title":"Reklama - Hotels in Canada","description":"Hotele na \u0141otwie ceny reklam, ceny baner\u00f3w i ceny wpis\u00f3w na blogu; skontaktuj si\u0119 z nami, aby uzyska\u0107 wi\u0119cej informacji i zam\u00f3wi\u0107 nasze us\u0142ugi.","robots":{"index":"noindex","follow":"follow","max-snippet":"max-snippet:-1","max-image-preview":"max-image-preview:large","max-video-preview":"max-video-preview:-1"},"og_locale":"pl_PL","og_type":"article","og_title":"Reklama - Hotels in Canada","og_description":"Hotele na \u0141otwie ceny reklam, ceny baner\u00f3w i ceny wpis\u00f3w na blogu; skontaktuj si\u0119 z nami, aby uzyska\u0107 wi\u0119cej informacji i zam\u00f3wi\u0107 nasze us\u0142ugi.","og_url":"https:\/\/www.hotelsincanada.eu\/pl\/reklama\/","og_site_name":"Hotels in Canada","article_modified_time":"2023-11-24T09:01:37+00:00","twitter_card":"summary_large_image","twitter_misc":{"Szacowany czas czytania":"2 minuty"},"schema":{"@context":"https:\/\/schema.org","@graph":[{"@type":"WebPage","@id":"https:\/\/www.hotelsincanada.eu\/pl\/reklama\/","url":"https:\/\/www.hotelsincanada.eu\/pl\/reklama\/","name":"Reklama - Hotels in Canada","isPartOf":{"@id":"https:\/\/www.hotelsincanada.eu\/pl\/#website"},"datePublished":"2023-07-25T03:12:20+00:00","dateModified":"2023-11-24T09:01:37+00:00","description":"Hotele na \u0141otwie ceny reklam, ceny baner\u00f3w i ceny wpis\u00f3w na blogu; skontaktuj si\u0119 z nami, aby uzyska\u0107 wi\u0119cej informacji i zam\u00f3wi\u0107 nasze us\u0142ugi.","breadcrumb":{"@id":"https:\/\/www.hotelsincanada.eu\/pl\/reklama\/#breadcrumb"},"inLanguage":"pl-PL","potentialAction":[{"@type":"ReadAction","target":["https:\/\/www.hotelsincanada.eu\/pl\/reklama\/"]}]},{"@type":"BreadcrumbList","@id":"https:\/\/www.hotelsincanada.eu\/pl\/reklama\/#breadcrumb","itemListElement":[{"@type":"ListItem","position":1,"name":"Home","item":"https:\/\/www.hotelsincanada.eu\/pl\/"},{"@type":"ListItem","position":2,"name":"Reklama"}]},{"@type":"WebSite","@id":"https:\/\/www.hotelsincanada.eu\/pl\/#website","url":"https:\/\/www.hotelsincanada.eu\/pl\/","name":"Hotels in Canada","description":"Hotels Directory","publisher":{"@id":"https:\/\/www.hotelsincanada.eu\/pl\/#organization"},"potentialAction":[{"@type":"SearchAction","target":{"@type":"EntryPoint","urlTemplate":"https:\/\/www.hotelsincanada.eu\/pl\/?s={search_term_string}"},"query-input":"required name=search_term_string"}],"inLanguage":"pl-PL"},{"@type":"Organization","@id":"https:\/\/www.hotelsincanada.eu\/pl\/#organization","name":"Hotels in Canada","url":"https:\/\/www.hotelsincanada.eu\/pl\/","logo":{"@type":"ImageObject","inLanguage":"pl-PL","@id":"https:\/\/www.hotelsincanada.eu\/pl\/#\/schema\/logo\/image\/","url":"https:\/\/hotelsinusa.eu\/wp-content\/uploads\/2023\/12\/Hotels-in-USA.svg","contentUrl":"https:\/\/hotelsinusa.eu\/wp-content\/uploads\/2023\/12\/Hotels-in-USA.svg","width":1,"height":1,"caption":"Hotels in Canada"},"image":{"@id":"https:\/\/www.hotelsincanada.eu\/pl\/#\/schema\/logo\/image\/"}}]}},"_links":{"self":[{"href":"https:\/\/www.hotelsincanada.eu\/pl\/wp-json\/wp\/v2\/pages\/2647","targetHints":{"allow":["GET"]}}],"collection":[{"href":"https:\/\/www.hotelsincanada.eu\/pl\/wp-json\/wp\/v2\/pages"}],"about":[{"href":"https:\/\/www.hotelsincanada.eu\/pl\/wp-json\/wp\/v2\/types\/page"}],"author":[{"embeddable":true,"href":"https:\/\/www.hotelsincanada.eu\/pl\/wp-json\/wp\/v2\/users\/1"}],"replies":[{"embeddable":true,"href":"https:\/\/www.hotelsincanada.eu\/pl\/wp-json\/wp\/v2\/comments?post=2647"}],"version-history":[{"count":5,"href":"https:\/\/www.hotelsincanada.eu\/pl\/wp-json\/wp\/v2\/pages\/2647\/revisions"}],"predecessor-version":[{"id":3110,"href":"https:\/\/www.hotelsincanada.eu\/pl\/wp-json\/wp\/v2\/pages\/2647\/revisions\/3110"}],"wp:attachment":[{"href":"https:\/\/www.hotelsincanada.eu\/pl\/wp-json\/wp\/v2\/media?parent=2647"}],"curies":[{"name":"wp","href":"https:\/\/api.w.org\/{rel}","templated":true}]}}